{"id":1245,"date":"2022-03-17T04:47:48","date_gmt":"2022-03-17T04:47:48","guid":{"rendered":"https:\/\/travento.mx\/?page_id=1245"},"modified":"2023-10-19T00:59:56","modified_gmt":"2023-10-19T00:59:56","slug":"destino-asia-naturaleza","status":"publish","type":"page","link":"https:\/\/travento.mx\/index.php\/destino-asia\/destino-asia-naturaleza\/","title":{"rendered":"Destino &#8220;Asia-Naturaleza&#8221;"},"content":{"rendered":"\n<div style=\"height:31px\" aria-hidden=\"true\" class=\"wp-block-spacer\"><\/div>\n\n\n\n<div class=\"wp-block-nk-awb nk-awb alignfull\"><div class=\"nk-awb-wrap\" data-awb-type=\"image\" data-awb-parallax=\"scroll\" data-awb-parallax-speed=\"0.5\" data-awb-parallax-mobile=\"false\" data-awb-image-background-size=\"cover\" data-awb-image-background-position=\"50% 50%\"><div class=\"nk-awb-inner\"><img loading=\"lazy\" decoding=\"async\" src=\"https:\/\/travento.mx\/wp-content\/uploads\/2023\/10\/Naturaleza1.jpg\" class=\"wp-image-1760 jarallax-img\" width=\"1500\" height=\"1000\" srcset=\"https:\/\/travento.mx\/wp-content\/uploads\/2023\/10\/Naturaleza1.jpg 1500w, https:\/\/travento.mx\/wp-content\/uploads\/2023\/10\/Naturaleza1-300x200.jpg 300w, https:\/\/travento.mx\/wp-content\/uploads\/2023\/10\/Naturaleza1-1024x683.jpg 1024w, https:\/\/travento.mx\/wp-content\/uploads\/2023\/10\/Naturaleza1-768x512.jpg 768w, https:\/\/travento.mx\/wp-content\/uploads\/2023\/10\/Naturaleza1-500x333.jpg 500w, https:\/\/travento.mx\/wp-content\/uploads\/2023\/10\/Naturaleza1-800x533.jpg 800w, https:\/\/travento.mx\/wp-content\/uploads\/2023\/10\/Naturaleza1-1280x853.jpg 1280w\" sizes=\"auto, (max-width: 1500px) 100vw, 1500px\" \/><\/div><\/div><div class=\"nk-awb-wrap-content is-layout-constrained wp-block-nk-awb-is-layout-constrained\">\n<div style=\"height:200px\" aria-hidden=\"true\" class=\"wp-block-spacer\"><\/div>\n\n\n\n<h2 class=\"wp-block-heading has-text-align-center\" style=\"font-size:80px\"><span style=\"background-color:rgba(0, 0, 0, 0)\" class=\"has-inline-color has-white-color\"><strong>Naturaleza<\/strong><\/span><\/h2>\n\n\n\n<div style=\"height:200px\" aria-hidden=\"true\" class=\"wp-block-spacer\"><\/div>\n<\/div><\/div>\n\n\n\n<div style=\"height:25px\" aria-hidden=\"true\" class=\"wp-block-spacer\"><\/div>\n\n\n\n<h2 class=\"wp-block-heading\">Visita Naturaleza con Travento<\/h2>\n\n\n\n<p>Por motivos religiosos y salvo excepciones,&nbsp;los butaneses no cazan ni pescan, de ah\u00ed que But\u00e1n se haya convertido en el reino de la biodiversidad: desde elefantes y rinocerontes en las junglas&nbsp;del sur hasta los escasos leopardos de las nieves que pueblan las zonas m\u00e1s altas. Phobjika cuenta con uno de esos valiosos refugios de fauna: el Parque Nacional Jigme Singye Wangchuk&nbsp;\u2013antes, de la Monta\u00f1a Negra\u2013, una de las diez reservas que tiene el pa\u00eds. Sus 1.730 km2&nbsp;son el h\u00e1bitat de especies en extinci\u00f3n como el tigre de Bengala, el panda rojo, el langur dorado \u2013un mono asi\u00e1tico\u2013, el oso negro del Himalaya, el takin \u2013pariente del buey almizclero\u2013 y hasta 670 especies de aves. Sus extensos bosques de con\u00edferas, sus lagos y prados alpinos en torno al pico m\u00e1s alto.<\/p>\n\n\n<script type=\"text\/javascript\">\r\ndocument.addEventListener(\"DOMContentLoaded\", function(event) { \r\n\tjQuery( '#slider-pro-3-1762' ).sliderPro({\r\n\t\t\/\/width\r\n\t\t\t\twidth: 1000,\r\n\t\t\t\t\r\n\t\t\/\/height\r\n\t\t\t\theight: 500,\r\n\t\t\t\t\r\n\t\t\/\/auto play\r\n\t\t\t\tautoplay:  true,\r\n\t\tautoplayOnHover: 'none',\r\n\t\t\t\t\t\t\t\tautoplayDelay: 5000,\r\n\t\t\r\n\t\t\r\n\t\tarrows: true,\r\n\t\tbuttons: true,\r\n\t\tsmallSize: 500,\r\n\t\tmediumSize: 1000,\r\n\t\tlargeSize: 3000,\r\n\t\tfade: true,\r\n\t\t\r\n\t\t\/\/thumbnail\r\n\t\tthumbnailArrows: true,\r\n\t\tthumbnailWidth: 120,\r\n\t\tthumbnailHeight: 120,\r\n\t\t\t\t\t\tthumbnailsPosition: 'bottom',\r\n\t\t\t\t\t\tcenterImage: true,\r\n\t\timageScaleMode: 'cover',\r\n\t\tallowScaleUp: true,\r\n\t\t\t\tstartSlide: 0,\r\n\t\tloop: true,\r\n\t\tslideDistance: 5,\r\n\t\tautoplayDirection: 'normal',\r\n\t\ttouchSwipe: true,\r\n\t\tfullScreen: true,\r\n\t});\r\n});\r\n<\/script>\r\n\r\n<div id=\"uris-slider-title\">\r\n\t<h3 class=\"uris-slider-post-title\">Naturaleza<\/h3>\r\n<\/div>\r\n\t\t<div id=\"slider-pro-3-1762\" class=\"slider-pro\">\r\n\t\t\t<!---- slides div start ---->\r\n\t\t\t<div class=\"sp-slides\">\r\n\t\t\t\t\t\t\t\t\t\t<div class=\"sp-slide\">\r\n\t\t\t\t\t\t\t<img decoding=\"async\" class=\"sp-image\" loading=\"lazy\" alt=\"Naturaleza4\" src=\"https:\/\/travento.mx\/wp-content\/plugins\/ultimate-responsive-image-slider\/assets\/css\/images\/blank.gif\" data-src=\"https:\/\/travento.mx\/wp-content\/uploads\/2023\/10\/Naturaleza4.jpg\" \/>\r\n\r\n\t\t\t\t\t\t\t\r\n\t\t\t\t\t\t\t\t\t\t\t\t\t<\/div>\r\n\t\t\t\t\t\t\t\t\t\t\t\t<div class=\"sp-slide\">\r\n\t\t\t\t\t\t\t<img decoding=\"async\" class=\"sp-image\" loading=\"lazy\" alt=\"Naturaleza3\" src=\"https:\/\/travento.mx\/wp-content\/plugins\/ultimate-responsive-image-slider\/assets\/css\/images\/blank.gif\" data-src=\"https:\/\/travento.mx\/wp-content\/uploads\/2023\/10\/Naturaleza3-scaled.jpg\" \/>\r\n\r\n\t\t\t\t\t\t\t\r\n\t\t\t\t\t\t\t\t\t\t\t\t\t<\/div>\r\n\t\t\t\t\t\t\t\t\t\t\t\t<div class=\"sp-slide\">\r\n\t\t\t\t\t\t\t<img decoding=\"async\" class=\"sp-image\" loading=\"lazy\" alt=\"Naturaleza2\" src=\"https:\/\/travento.mx\/wp-content\/plugins\/ultimate-responsive-image-slider\/assets\/css\/images\/blank.gif\" data-src=\"https:\/\/travento.mx\/wp-content\/uploads\/2023\/10\/Naturaleza2.jpg\" \/>\r\n\r\n\t\t\t\t\t\t\t\r\n\t\t\t\t\t\t\t\t\t\t\t\t\t<\/div>\r\n\t\t\t\t\t\t\t\t\t<\/div>\r\n\t\t\t\r\n\t\t\t<!---- slides div end ---->\r\n\t\t\t\t\t\t<!-- slides thumbnails div start -->\r\n\t\t\t<div class=\"sp-thumbnails\">\r\n\t\t\t\t\t\t\t\t\t\t<img decoding=\"async\" class=\"sp-thumbnail\" loading=\"lazy\" src=\"https:\/\/travento.mx\/wp-content\/plugins\/ultimate-responsive-image-slider\/assets\/img\/loading.gif\" data-src=\"https:\/\/travento.mx\/wp-content\/uploads\/2023\/10\/Naturaleza4-300x140.jpg\" alt=\"Naturaleza4\"\/>\r\n\t\t\t\t\t\t\t\t\t\t\t<img decoding=\"async\" class=\"sp-thumbnail\" loading=\"lazy\" src=\"https:\/\/travento.mx\/wp-content\/plugins\/ultimate-responsive-image-slider\/assets\/img\/loading.gif\" data-src=\"https:\/\/travento.mx\/wp-content\/uploads\/2023\/10\/Naturaleza3-300x214.jpg\" alt=\"Naturaleza3\"\/>\r\n\t\t\t\t\t\t\t\t\t\t\t<img decoding=\"async\" class=\"sp-thumbnail\" loading=\"lazy\" src=\"https:\/\/travento.mx\/wp-content\/plugins\/ultimate-responsive-image-slider\/assets\/img\/loading.gif\" data-src=\"https:\/\/travento.mx\/wp-content\/uploads\/2023\/10\/Naturaleza2-300x225.jpg\" alt=\"Naturaleza2\"\/>\r\n\t\t\t\t\t\t\t\t<\/div>\r\n\t\t\t\t\t\t<!-- slides thumbnails div end -->\r\n\t\t<\/div>\r\n\t\t<style>\r\n\/* Layout 3 *\/\r\n\/* border *\/\r\n#slider-pro-3-1762 .sp-selected-thumbnail {\r\n\tborder: 4px solid #000000;\r\n}\r\n\r\n\/* font + color *\/\r\n.title-in  {\r\n\tfont-family: Arial !important;\r\n\tcolor: #FFFFFF !important;\r\n\tbackground-color: #000000 !important;\r\n\topacity: 0.7 !important;\r\n}\r\n.desc-in  {\r\n\tfont-family: Arial !important;\r\n\tcolor: #FFFFFF !important;\r\n\tbackground-color: #00000 !important;\r\n\topacity: 0.7 !important;\r\n}\r\n\r\n\/* bullets color *\/\r\n.sp-button  {\r\n\tborder: 2px solid #000000 !important;\r\n}\r\n.sp-selected-button  {\r\n\tbackground-color: #000000 !important;\r\n}\r\n\r\n\/* pointer color - bottom *\/\r\n.sp-selected-thumbnail::before {\r\n\tborder-bottom: 5px solid #000000 !important;\r\n}\r\n.sp-selected-thumbnail::after {\r\n\tborder-bottom: 13px solid #000000 !important;\r\n}\r\n\r\n\/* pointer color - top *\/\r\n\r\n\/* full screen icon *\/\r\n.sp-full-screen-button::before {\r\n    color: #FFFFFF !important;\r\n}\r\n\r\n\/* hover navigation icon color *\/\r\n.sp-next-arrow::after, .sp-next-arrow::before {\r\n\tbackground-color: #FFFFFF !important;\r\n}\r\n.sp-previous-arrow::after, .sp-previous-arrow::before {\r\n\tbackground-color: #FFFFFF !important;\r\n}\r\n\r\n#slider-pro-3-1762 .title-in {\r\n\tcolor: #FFFFFF !important;\r\n\tfont-weight: bolder;\r\n\ttext-align: center;\r\n}\r\n\r\n#slider-pro-3-1762 .title-in-bg {\r\n\tbackground: rgba(255, 255, 255, 0.7); !important;\r\n\twhite-space: unset !important;\r\n\ttransform: initial !important;\r\n\t-webkit-transform: initial !important;\r\n\tfont-size: 14px !important;\r\n}\r\n\r\n#slider-pro-3-1762 .desc-in {\r\n\tcolor: #FFFFFF !important;\r\n\ttext-align: center;\r\n}\r\n#slider-pro-3-1762 .desc-in-bg {\r\n\tbackground: rgba(#00000, 0.7) !important;\r\n\twhite-space: unset !important;\r\n\ttransform: initial !important;\r\n\t-webkit-transform: initial !important;\r\n\tfont-size: 13px !important;\r\n}\r\n\r\n@media (max-width: 640px) {\r\n\t#slider-pro-3-1762 .hide-small-screen {\r\n\t\tdisplay: none;\r\n\t}\r\n}\r\n\r\n@media (max-width: 860px) {\r\n\t#slider-pro-3-1762 .sp-layer {\r\n\t\tfont-size: 18px;\r\n\t}\r\n\t\r\n\t#slider-pro-3-1762 .hide-medium-screen {\r\n\t\tdisplay: none;\r\n\t}\r\n}\r\n.slides-not-found {\r\n\tbackground-color: #a92929;\r\n\tborder-radius: 5px;\r\n\tcolor: #fff;\r\n\tfont-family: initial;\r\n\ttext-align: center;\r\n\tpadding:12px;\r\n}\r\n\/* Custom CSS *\/\r\n<\/style>\r\n\n","protected":false},"excerpt":{"rendered":"<p>Visita Naturaleza con Travento Por motivos religiosos y salvo excepciones,&nbsp;los butaneses no cazan ni pescan, de ah\u00ed que But\u00e1n se haya convertido en el reino&hellip;<\/p>\n","protected":false},"author":2,"featured_media":0,"parent":744,"menu_order":0,"comment_status":"closed","ping_status":"closed","template":"","meta":{"footnotes":""},"class_list":["post-1245","page","type-page","status-publish","hentry"],"_links":{"self":[{"href":"https:\/\/travento.mx\/index.php\/wp-json\/wp\/v2\/pages\/1245","targetHints":{"allow":["GET"]}}],"collection":[{"href":"https:\/\/travento.mx\/index.php\/wp-json\/wp\/v2\/pages"}],"about":[{"href":"https:\/\/travento.mx\/index.php\/wp-json\/wp\/v2\/types\/page"}],"author":[{"embeddable":true,"href":"https:\/\/travento.mx\/index.php\/wp-json\/wp\/v2\/users\/2"}],"replies":[{"embeddable":true,"href":"https:\/\/travento.mx\/index.php\/wp-json\/wp\/v2\/comments?post=1245"}],"version-history":[{"count":2,"href":"https:\/\/travento.mx\/index.php\/wp-json\/wp\/v2\/pages\/1245\/revisions"}],"predecessor-version":[{"id":1766,"href":"https:\/\/travento.mx\/index.php\/wp-json\/wp\/v2\/pages\/1245\/revisions\/1766"}],"up":[{"embeddable":true,"href":"https:\/\/travento.mx\/index.php\/wp-json\/wp\/v2\/pages\/744"}],"wp:attachment":[{"href":"https:\/\/travento.mx\/index.php\/wp-json\/wp\/v2\/media?parent=1245"}],"curies":[{"name":"wp","href":"https:\/\/api.w.org\/{rel}","templated":true}]}}