{"id":1256,"date":"2022-03-17T04:54:28","date_gmt":"2022-03-17T04:54:28","guid":{"rendered":"https:\/\/travento.mx\/?page_id=1256"},"modified":"2023-10-19T00:52:20","modified_gmt":"2023-10-19T00:52:20","slug":"destino-asia-india","status":"publish","type":"page","link":"https:\/\/travento.mx\/index.php\/destino-asia\/destino-asia-india\/","title":{"rendered":"Destino &#8220;Asia-India&#8221;"},"content":{"rendered":"\n<div style=\"height:31px\" aria-hidden=\"true\" class=\"wp-block-spacer\"><\/div>\n\n\n\n<div class=\"wp-block-nk-awb nk-awb alignfull\"><div class=\"nk-awb-wrap\" data-awb-type=\"image\" data-awb-parallax=\"scroll\" data-awb-parallax-speed=\"0.5\" data-awb-parallax-mobile=\"false\" data-awb-image-background-size=\"cover\" data-awb-image-background-position=\"50% 50%\"><div class=\"nk-awb-inner\"><img loading=\"lazy\" decoding=\"async\" src=\"https:\/\/travento.mx\/wp-content\/uploads\/2023\/10\/India1.jpg\" class=\"wp-image-1719 jarallax-img\" width=\"1500\" height=\"1000\" srcset=\"https:\/\/travento.mx\/wp-content\/uploads\/2023\/10\/India1.jpg 1500w, https:\/\/travento.mx\/wp-content\/uploads\/2023\/10\/India1-300x200.jpg 300w, https:\/\/travento.mx\/wp-content\/uploads\/2023\/10\/India1-1024x683.jpg 1024w, https:\/\/travento.mx\/wp-content\/uploads\/2023\/10\/India1-768x512.jpg 768w, https:\/\/travento.mx\/wp-content\/uploads\/2023\/10\/India1-500x333.jpg 500w, https:\/\/travento.mx\/wp-content\/uploads\/2023\/10\/India1-800x533.jpg 800w, https:\/\/travento.mx\/wp-content\/uploads\/2023\/10\/India1-1280x853.jpg 1280w\" sizes=\"auto, (max-width: 1500px) 100vw, 1500px\" \/><\/div><\/div><div class=\"nk-awb-wrap-content is-layout-constrained wp-block-nk-awb-is-layout-constrained\">\n<div style=\"height:200px\" aria-hidden=\"true\" class=\"wp-block-spacer\"><\/div>\n\n\n\n<h2 class=\"wp-block-heading has-text-align-center\" style=\"font-size:80px\"><span style=\"background-color:rgba(0, 0, 0, 0)\" class=\"has-inline-color has-white-color\"><strong>India<\/strong><\/span><\/h2>\n\n\n\n<div style=\"height:200px\" aria-hidden=\"true\" class=\"wp-block-spacer\"><\/div>\n<\/div><\/div>\n\n\n\n<div style=\"height:25px\" aria-hidden=\"true\" class=\"wp-block-spacer\"><\/div>\n\n\n\n<h2 class=\"wp-block-heading\">Visita India con Travento<\/h2>\n\n\n\n<p>La India es un vasto pa\u00eds de Asia del Sur con un terreno diverso que abarca desde las cumbres del Himalaya hasta la costa del oc\u00e9ano \u00cdndico. Tiene una historia de m\u00e1s de 5 milenios. En el norte, los monumentos hist\u00f3ricos del imperio Mogol incluyen el complejo del Fuerte Rojo de Delhi y la enorme mezquita de Jama Masjid, junto con el ic\u00f3nico mausoleo del Taj Mahal en Agra. Los peregrinos se ba\u00f1an en la ciudad sagrada del r\u00edo Ganges en Varanasi, y Rishikesh es un centro de yoga y una base para las excursiones al Himalaya. Adem\u00e1s&nbsp;de ser el pa\u00eds de los mil colores es la cuna de la cultura Hindu, presente en muchos de sus templos repartidos a lo largo y ancho de la India, algunos de los mas&nbsp;populares estan en el norte, en el Rajastan, con sus lagos, y la ciudad dorada del desierto del Thar es uno de los v\u00e9rtices&nbsp;del popular tri\u00e1ngulo dorado. Descubrira&nbsp;ciudades bulliciosas llenas de contrastes, cosmopolitas y modernas conviviendo entre palacios y templos antiguos, pa\u00eds donde las vacas y las ratas son sagradas, tambi\u00e9n cuenta con su propia meca del cine Bollywood. Al sur viva la experiencia del campo principalmente entre los arrozales de India&nbsp; y navegando por sus r\u00edos en los tradicionales&nbsp;&nbsp;Kettuvallam, es otra India \u00a1es una experiencia \u00fanica!<\/p>\n\n\n<script type=\"text\/javascript\">\r\ndocument.addEventListener(\"DOMContentLoaded\", function(event) { \r\n\tjQuery( '#slider-pro-3-1720' ).sliderPro({\r\n\t\t\/\/width\r\n\t\t\t\twidth: 1000,\r\n\t\t\t\t\r\n\t\t\/\/height\r\n\t\t\t\theight: 500,\r\n\t\t\t\t\r\n\t\t\/\/auto play\r\n\t\t\t\tautoplay:  true,\r\n\t\tautoplayOnHover: 'none',\r\n\t\t\t\t\t\t\t\tautoplayDelay: 5000,\r\n\t\t\r\n\t\t\r\n\t\tarrows: true,\r\n\t\tbuttons: true,\r\n\t\tsmallSize: 500,\r\n\t\tmediumSize: 1000,\r\n\t\tlargeSize: 3000,\r\n\t\tfade: true,\r\n\t\t\r\n\t\t\/\/thumbnail\r\n\t\tthumbnailArrows: true,\r\n\t\tthumbnailWidth: 120,\r\n\t\tthumbnailHeight: 120,\r\n\t\t\t\t\t\tthumbnailsPosition: 'bottom',\r\n\t\t\t\t\t\tcenterImage: true,\r\n\t\timageScaleMode: 'cover',\r\n\t\tallowScaleUp: true,\r\n\t\t\t\tstartSlide: 0,\r\n\t\tloop: true,\r\n\t\tslideDistance: 5,\r\n\t\tautoplayDirection: 'normal',\r\n\t\ttouchSwipe: true,\r\n\t\tfullScreen: true,\r\n\t});\r\n});\r\n<\/script>\r\n\r\n<div id=\"uris-slider-title\">\r\n\t<h3 class=\"uris-slider-post-title\">India<\/h3>\r\n<\/div>\r\n\t\t<div id=\"slider-pro-3-1720\" class=\"slider-pro\">\r\n\t\t\t<!---- slides div start ---->\r\n\t\t\t<div class=\"sp-slides\">\r\n\t\t\t\t\t\t\t\t\t\t<div class=\"sp-slide\">\r\n\t\t\t\t\t\t\t<img decoding=\"async\" class=\"sp-image\" loading=\"lazy\" alt=\"India3\" src=\"https:\/\/travento.mx\/wp-content\/plugins\/ultimate-responsive-image-slider\/assets\/css\/images\/blank.gif\" data-src=\"https:\/\/travento.mx\/wp-content\/uploads\/2023\/10\/India3-scaled.jpg\" \/>\r\n\r\n\t\t\t\t\t\t\t\r\n\t\t\t\t\t\t\t\t\t\t\t\t\t<\/div>\r\n\t\t\t\t\t\t\t\t\t\t\t\t<div class=\"sp-slide\">\r\n\t\t\t\t\t\t\t<img decoding=\"async\" class=\"sp-image\" loading=\"lazy\" alt=\"India2\" src=\"https:\/\/travento.mx\/wp-content\/plugins\/ultimate-responsive-image-slider\/assets\/css\/images\/blank.gif\" data-src=\"https:\/\/travento.mx\/wp-content\/uploads\/2023\/10\/India2-scaled.jpg\" \/>\r\n\r\n\t\t\t\t\t\t\t\r\n\t\t\t\t\t\t\t\t\t\t\t\t\t<\/div>\r\n\t\t\t\t\t\t\t\t\t\t\t\t<div class=\"sp-slide\">\r\n\t\t\t\t\t\t\t<img decoding=\"async\" class=\"sp-image\" loading=\"lazy\" alt=\"India4\" src=\"https:\/\/travento.mx\/wp-content\/plugins\/ultimate-responsive-image-slider\/assets\/css\/images\/blank.gif\" data-src=\"https:\/\/travento.mx\/wp-content\/uploads\/2023\/10\/India4-1.jpg\" \/>\r\n\r\n\t\t\t\t\t\t\t\r\n\t\t\t\t\t\t\t\t\t\t\t\t\t<\/div>\r\n\t\t\t\t\t\t\t\t\t<\/div>\r\n\t\t\t\r\n\t\t\t<!---- slides div end ---->\r\n\t\t\t\t\t\t<!-- slides thumbnails div start -->\r\n\t\t\t<div class=\"sp-thumbnails\">\r\n\t\t\t\t\t\t\t\t\t\t<img decoding=\"async\" class=\"sp-thumbnail\" loading=\"lazy\" src=\"https:\/\/travento.mx\/wp-content\/plugins\/ultimate-responsive-image-slider\/assets\/img\/loading.gif\" data-src=\"https:\/\/travento.mx\/wp-content\/uploads\/2023\/10\/India3-300x200.jpg\" alt=\"India3\"\/>\r\n\t\t\t\t\t\t\t\t\t\t\t<img decoding=\"async\" class=\"sp-thumbnail\" loading=\"lazy\" src=\"https:\/\/travento.mx\/wp-content\/plugins\/ultimate-responsive-image-slider\/assets\/img\/loading.gif\" data-src=\"https:\/\/travento.mx\/wp-content\/uploads\/2023\/10\/India2-300x172.jpg\" alt=\"India2\"\/>\r\n\t\t\t\t\t\t\t\t\t\t\t<img decoding=\"async\" class=\"sp-thumbnail\" loading=\"lazy\" src=\"https:\/\/travento.mx\/wp-content\/plugins\/ultimate-responsive-image-slider\/assets\/img\/loading.gif\" data-src=\"https:\/\/travento.mx\/wp-content\/uploads\/2023\/10\/India4-1-300x237.jpg\" alt=\"India4\"\/>\r\n\t\t\t\t\t\t\t\t<\/div>\r\n\t\t\t\t\t\t<!-- slides thumbnails div end -->\r\n\t\t<\/div>\r\n\t\t<style>\r\n\/* Layout 3 *\/\r\n\/* border *\/\r\n#slider-pro-3-1720 .sp-selected-thumbnail {\r\n\tborder: 4px solid #000000;\r\n}\r\n\r\n\/* font + color *\/\r\n.title-in  {\r\n\tfont-family: Arial !important;\r\n\tcolor: #FFFFFF !important;\r\n\tbackground-color: #000000 !important;\r\n\topacity: 0.7 !important;\r\n}\r\n.desc-in  {\r\n\tfont-family: Arial !important;\r\n\tcolor: #FFFFFF !important;\r\n\tbackground-color: #00000 !important;\r\n\topacity: 0.7 !important;\r\n}\r\n\r\n\/* bullets color *\/\r\n.sp-button  {\r\n\tborder: 2px solid #000000 !important;\r\n}\r\n.sp-selected-button  {\r\n\tbackground-color: #000000 !important;\r\n}\r\n\r\n\/* pointer color - bottom *\/\r\n.sp-selected-thumbnail::before {\r\n\tborder-bottom: 5px solid #000000 !important;\r\n}\r\n.sp-selected-thumbnail::after {\r\n\tborder-bottom: 13px solid #000000 !important;\r\n}\r\n\r\n\/* pointer color - top *\/\r\n\r\n\/* full screen icon *\/\r\n.sp-full-screen-button::before {\r\n    color: #FFFFFF !important;\r\n}\r\n\r\n\/* hover navigation icon color *\/\r\n.sp-next-arrow::after, .sp-next-arrow::before {\r\n\tbackground-color: #FFFFFF !important;\r\n}\r\n.sp-previous-arrow::after, .sp-previous-arrow::before {\r\n\tbackground-color: #FFFFFF !important;\r\n}\r\n\r\n#slider-pro-3-1720 .title-in {\r\n\tcolor: #FFFFFF !important;\r\n\tfont-weight: bolder;\r\n\ttext-align: center;\r\n}\r\n\r\n#slider-pro-3-1720 .title-in-bg {\r\n\tbackground: rgba(255, 255, 255, 0.7); !important;\r\n\twhite-space: unset !important;\r\n\ttransform: initial !important;\r\n\t-webkit-transform: initial !important;\r\n\tfont-size: 14px !important;\r\n}\r\n\r\n#slider-pro-3-1720 .desc-in {\r\n\tcolor: #FFFFFF !important;\r\n\ttext-align: center;\r\n}\r\n#slider-pro-3-1720 .desc-in-bg {\r\n\tbackground: rgba(#00000, 0.7) !important;\r\n\twhite-space: unset !important;\r\n\ttransform: initial !important;\r\n\t-webkit-transform: initial !important;\r\n\tfont-size: 13px !important;\r\n}\r\n\r\n@media (max-width: 640px) {\r\n\t#slider-pro-3-1720 .hide-small-screen {\r\n\t\tdisplay: none;\r\n\t}\r\n}\r\n\r\n@media (max-width: 860px) {\r\n\t#slider-pro-3-1720 .sp-layer {\r\n\t\tfont-size: 18px;\r\n\t}\r\n\t\r\n\t#slider-pro-3-1720 .hide-medium-screen {\r\n\t\tdisplay: none;\r\n\t}\r\n}\r\n.slides-not-found {\r\n\tbackground-color: #a92929;\r\n\tborder-radius: 5px;\r\n\tcolor: #fff;\r\n\tfont-family: initial;\r\n\ttext-align: center;\r\n\tpadding:12px;\r\n}\r\n\/* Custom CSS *\/\r\n<\/style>\r\n\n","protected":false},"excerpt":{"rendered":"<p>Visita India con Travento La India es un vasto pa\u00eds de Asia del Sur con un terreno diverso que abarca desde las cumbres del Himalaya&hellip;<\/p>\n","protected":false},"author":2,"featured_media":0,"parent":744,"menu_order":0,"comment_status":"closed","ping_status":"closed","template":"","meta":{"footnotes":""},"class_list":["post-1256","page","type-page","status-publish","hentry"],"_links":{"self":[{"href":"https:\/\/travento.mx\/index.php\/wp-json\/wp\/v2\/pages\/1256","targetHints":{"allow":["GET"]}}],"collection":[{"href":"https:\/\/travento.mx\/index.php\/wp-json\/wp\/v2\/pages"}],"about":[{"href":"https:\/\/travento.mx\/index.php\/wp-json\/wp\/v2\/types\/page"}],"author":[{"embeddable":true,"href":"https:\/\/travento.mx\/index.php\/wp-json\/wp\/v2\/users\/2"}],"replies":[{"embeddable":true,"href":"https:\/\/travento.mx\/index.php\/wp-json\/wp\/v2\/comments?post=1256"}],"version-history":[{"count":2,"href":"https:\/\/travento.mx\/index.php\/wp-json\/wp\/v2\/pages\/1256\/revisions"}],"predecessor-version":[{"id":1728,"href":"https:\/\/travento.mx\/index.php\/wp-json\/wp\/v2\/pages\/1256\/revisions\/1728"}],"up":[{"embeddable":true,"href":"https:\/\/travento.mx\/index.php\/wp-json\/wp\/v2\/pages\/744"}],"wp:attachment":[{"href":"https:\/\/travento.mx\/index.php\/wp-json\/wp\/v2\/media?parent=1256"}],"curies":[{"name":"wp","href":"https:\/\/api.w.org\/{rel}","templated":true}]}}