{"id":489,"date":"2020-12-09T20:53:08","date_gmt":"2020-12-09T20:53:08","guid":{"rendered":"https:\/\/travento.mx\/?page_id=489"},"modified":"2023-10-19T05:19:38","modified_gmt":"2023-10-19T05:19:38","slug":"concepto","status":"publish","type":"page","link":"https:\/\/travento.mx\/index.php\/concepto\/","title":{"rendered":"Concepto Travento"},"content":{"rendered":"\n<div class=\"wp-block-nk-awb nk-awb alignfull nk-awb-fullheight nk-awb-content-valign-center\"><div class=\"nk-awb-wrap\" data-awb-type=\"image\" data-awb-parallax=\"scroll\" data-awb-parallax-speed=\"0.5\" data-awb-parallax-mobile=\"false\" data-awb-image-background-size=\"cover\" data-awb-image-background-position=\"50% 50%\"><div class=\"nk-awb-inner\"><img loading=\"lazy\" decoding=\"async\" src=\"https:\/\/travento.mx\/wp-content\/uploads\/2021\/04\/pexels-pixabay-206359.jpg\" class=\"wp-image-1103 jarallax-img\" width=\"2201\" height=\"1467\" srcset=\"https:\/\/travento.mx\/wp-content\/uploads\/2021\/04\/pexels-pixabay-206359.jpg 2201w, https:\/\/travento.mx\/wp-content\/uploads\/2021\/04\/pexels-pixabay-206359-300x200.jpg 300w, https:\/\/travento.mx\/wp-content\/uploads\/2021\/04\/pexels-pixabay-206359-1024x683.jpg 1024w, https:\/\/travento.mx\/wp-content\/uploads\/2021\/04\/pexels-pixabay-206359-768x512.jpg 768w, https:\/\/travento.mx\/wp-content\/uploads\/2021\/04\/pexels-pixabay-206359-1536x1024.jpg 1536w, https:\/\/travento.mx\/wp-content\/uploads\/2021\/04\/pexels-pixabay-206359-2048x1365.jpg 2048w, https:\/\/travento.mx\/wp-content\/uploads\/2021\/04\/pexels-pixabay-206359-500x333.jpg 500w, https:\/\/travento.mx\/wp-content\/uploads\/2021\/04\/pexels-pixabay-206359-800x533.jpg 800w, https:\/\/travento.mx\/wp-content\/uploads\/2021\/04\/pexels-pixabay-206359-1280x853.jpg 1280w, https:\/\/travento.mx\/wp-content\/uploads\/2021\/04\/pexels-pixabay-206359-1920x1280.jpg 1920w\" sizes=\"auto, (max-width: 2201px) 100vw, 2201px\" \/><\/div><\/div><div class=\"nk-awb-wrap-content is-layout-constrained wp-block-nk-awb-is-layout-constrained\">\n<div style=\"height:200px\" aria-hidden=\"true\" class=\"wp-block-spacer\"><\/div>\n\n\n\n<h1 class=\"wp-block-heading has-text-align-center\" style=\"font-size:80px\"><span style=\"background-color:rgba(0, 0, 0, 0)\" class=\"has-inline-color has-white-color\"><strong>Concepto Travento<\/strong><\/span><\/h1>\n\n\n\n<div style=\"height:200px\" aria-hidden=\"true\" class=\"wp-block-spacer\"><\/div>\n<\/div><\/div>\n\n\n\n<div style=\"height:25px\" aria-hidden=\"true\" class=\"wp-block-spacer\"><\/div>\n\n\n\n<div class=\"wp-block-columns alignfull is-layout-flex wp-container-core-columns-is-layout-9d6595d7 wp-block-columns-is-layout-flex\">\n<div class=\"wp-block-column is-layout-flow wp-block-column-is-layout-flow\" style=\"flex-basis:10%\"><\/div>\n\n\n\n<div class=\"wp-block-column is-layout-flow wp-block-column-is-layout-flow\" style=\"flex-basis:80%\">\n<p>El valioso y profesional equipo de Travento Viajes es especializado y capacitado haciendo una perfecta combinaci\u00f3n entre experiencia y tecnolog\u00eda, con el&nbsp; gran apoyo de proveedores especializados en el destino&nbsp; en conjunto hacemos que su viaje sea toda una agradable e inigualable experiencia. Ya sea que se imagine navegar por fiordos, sea un apasionado de los tours en bici en cualquier parte del mundo, sea fan de actividades extremas, le guste admirar el paisaje desde un hidroavi\u00f3n, globo o avioneta o mirador desde la parte m\u00e1s alta de una monta\u00f1a o un edificio.<\/p>\n\n\n\n<p>O tal vez sea m\u00e1s relajado como un paseo en canoa, o bote navegando tranquilamente por un r\u00edo o lago, o vaya m\u00e1s all\u00e1 y le guste realizar sus recorridos en tren de lujo como en Cant\u00e1brico, el Andean Explorer, el Transiberiano, o simplemente conocer sin prisas y a su gusto por las rutas que ofrecen los trenes del Raileurope.<\/p>\n\n\n\n<p>Temas como experiencia en vi\u00f1edos, cafetales, de naturaleza como caminatas en senderos de la Cordillera de los Andes, sentir que toca el cielo en los Himalaya, vivir es su h\u00e1bitat especies \u00fanicas marinas y terrestres como en Gal\u00e1pagos, el Amazonas, Safaris por \u00c1frica, el Polo Norte, la Ant\u00e1rtida Polo Sur, vivir la experiencia del desierto como el Sahara o Atacama, vivir&nbsp; experiencias \u00fanicas e inigualables en el Yuk\u00f3n, Laponia o B\u00e1lticos. Que tal lugares inh\u00f3spitos como Baikal, Samarcanda, Bak\u00fa, Erev\u00e1n, en fin todo lo que se imagine y sea posible somos muy honrados de ayudarle y realizar y de ser parte de esa inquietud, sue\u00f1o o ideal de viaje que le pase por la mente.<\/p>\n\n\n\n<div style=\"height:30px\" aria-hidden=\"true\" class=\"wp-block-spacer\"><\/div>\n\n\n\n<p><\/p>\n<\/div>\n\n\n\n<div class=\"wp-block-column is-layout-flow wp-block-column-is-layout-flow\" style=\"flex-basis:10%\"><\/div>\n<\/div>\n","protected":false},"excerpt":{"rendered":"<p>El valioso y profesional equipo de Travento Viajes es especializado y capacitado haciendo una perfecta combinaci\u00f3n entre experiencia y tecnolog\u00eda, con el&nbsp; gran apoyo de&hellip;<\/p>\n","protected":false},"author":2,"featured_media":0,"parent":0,"menu_order":0,"comment_status":"closed","ping_status":"closed","template":"","meta":{"footnotes":""},"class_list":["post-489","page","type-page","status-publish","hentry"],"_links":{"self":[{"href":"https:\/\/travento.mx\/index.php\/wp-json\/wp\/v2\/pages\/489","targetHints":{"allow":["GET"]}}],"collection":[{"href":"https:\/\/travento.mx\/index.php\/wp-json\/wp\/v2\/pages"}],"about":[{"href":"https:\/\/travento.mx\/index.php\/wp-json\/wp\/v2\/types\/page"}],"author":[{"embeddable":true,"href":"https:\/\/travento.mx\/index.php\/wp-json\/wp\/v2\/users\/2"}],"replies":[{"embeddable":true,"href":"https:\/\/travento.mx\/index.php\/wp-json\/wp\/v2\/comments?post=489"}],"version-history":[{"count":15,"href":"https:\/\/travento.mx\/index.php\/wp-json\/wp\/v2\/pages\/489\/revisions"}],"predecessor-version":[{"id":2153,"href":"https:\/\/travento.mx\/index.php\/wp-json\/wp\/v2\/pages\/489\/revisions\/2153"}],"wp:attachment":[{"href":"https:\/\/travento.mx\/index.php\/wp-json\/wp\/v2\/media?parent=489"}],"curies":[{"name":"wp","href":"https:\/\/api.w.org\/{rel}","templated":true}]}}