{"id":516,"date":"2020-12-09T22:56:14","date_gmt":"2020-12-09T22:56:14","guid":{"rendered":"https:\/\/travento.mx\/?page_id=516"},"modified":"2026-03-12T19:37:21","modified_gmt":"2026-03-12T19:37:21","slug":"equipo","status":"publish","type":"page","link":"https:\/\/travento.mx\/index.php\/equipo\/","title":{"rendered":"Equipo Travento"},"content":{"rendered":"\n<div class=\"wp-block-nk-awb nk-awb nk-awb-fullheight nk-awb-content-valign-center\"><div class=\"nk-awb-wrap\" data-awb-type=\"image\" data-awb-image-background-size=\"cover\" data-awb-image-background-position=\"50% 50%\"><div class=\"nk-awb-inner\"><img loading=\"lazy\" decoding=\"async\" src=\"https:\/\/travento.mx\/wp-content\/uploads\/2025\/05\/FONDO-EQUIPO.png\" class=\"wp-image-2725 jarallax-img\" width=\"1024\" height=\"400\" srcset=\"https:\/\/travento.mx\/wp-content\/uploads\/2025\/05\/FONDO-EQUIPO.png 1024w, https:\/\/travento.mx\/wp-content\/uploads\/2025\/05\/FONDO-EQUIPO-300x117.png 300w, https:\/\/travento.mx\/wp-content\/uploads\/2025\/05\/FONDO-EQUIPO-768x300.png 768w, https:\/\/travento.mx\/wp-content\/uploads\/2025\/05\/FONDO-EQUIPO-500x195.png 500w, https:\/\/travento.mx\/wp-content\/uploads\/2025\/05\/FONDO-EQUIPO-800x313.png 800w\" sizes=\"auto, (max-width: 1024px) 100vw, 1024px\" \/><\/div><\/div><div class=\"nk-awb-wrap-content is-layout-constrained wp-block-nk-awb-is-layout-constrained\">\n<h1 class=\"wp-block-heading alignfull has-text-align-center has-white-color has-text-color\" style=\"font-size:80px\"><strong>Equipo Travento<\/strong><\/h1>\n<\/div><\/div>\n\n\n\n<div style=\"height:70px\" aria-hidden=\"true\" class=\"wp-block-spacer\"><\/div>\n\n\n\n<div class=\"wp-block-columns is-layout-flex wp-container-core-columns-is-layout-9d6595d7 wp-block-columns-is-layout-flex\">\n<div class=\"wp-block-column is-layout-flow wp-block-column-is-layout-flow\" style=\"flex-basis:10%\"><\/div>\n\n\n\n<div class=\"wp-block-column is-layout-flow wp-block-column-is-layout-flow\" style=\"flex-basis:80%\">\n<div class=\"wp-block-media-text alignwide has-media-on-the-right is-stacked-on-mobile\" style=\"grid-template-columns:auto 55%\"><div class=\"wp-block-media-text__content\">\n<div style=\"height:30px\" aria-hidden=\"true\" class=\"wp-block-spacer\"><\/div>\n\n\n\n<div class=\"wp-block-columns is-layout-flex wp-container-core-columns-is-layout-9d6595d7 wp-block-columns-is-layout-flex\">\n<div class=\"wp-block-column is-layout-flow wp-block-column-is-layout-flow\" style=\"flex-basis:10%\"><\/div>\n\n\n\n<div class=\"wp-block-column is-vertically-aligned-bottom is-layout-flow wp-block-column-is-layout-flow\" style=\"flex-basis:90%\">\n<h2 class=\"wp-block-heading\">Lorena Ramirez<\/h2>\n\n\n\n<p class=\"has-small-font-size\"><strong>DIRECTORA GENERAL<\/strong><\/p>\n<\/div>\n<\/div>\n\n\n\n<p class=\"has-text-align-right\">Viajar es mi forma de estar viva. He recorrido 105 pa\u00edses, y cada uno me ha dejado una huella: un sabor, un aroma, una historia. Creo en los viajes que transforman, que despiertan los sentidos y que se quedan para siempre en el alma.<\/p>\n\n\n\n<p class=\"has-text-align-right\">Como directora de Travento, mi experiencia en los cinco continentes es mi mayor distintivo. La mayor satisfacci\u00f3n es crear viajes personalizados por el mundo, pensados para que cada persona viva algo \u00fanico, aut\u00e9ntico e inolvidable. Estoy convencida de que quien viaja, vive dos veces\u2026 y yo elijo vivir&nbsp;una&nbsp;y&nbsp;otra&nbsp;vez.<\/p>\n<\/div><figure class=\"wp-block-media-text__media\"><img loading=\"lazy\" decoding=\"async\" width=\"800\" height=\"600\" src=\"https:\/\/travento.mx\/wp-content\/uploads\/2025\/05\/FOTOS-PAGINA.png\" alt=\"\" class=\"wp-image-2728 size-full\" srcset=\"https:\/\/travento.mx\/wp-content\/uploads\/2025\/05\/FOTOS-PAGINA.png 800w, https:\/\/travento.mx\/wp-content\/uploads\/2025\/05\/FOTOS-PAGINA-300x225.png 300w, https:\/\/travento.mx\/wp-content\/uploads\/2025\/05\/FOTOS-PAGINA-768x576.png 768w, https:\/\/travento.mx\/wp-content\/uploads\/2025\/05\/FOTOS-PAGINA-500x375.png 500w\" sizes=\"auto, (max-width: 800px) 100vw, 800px\" \/><\/figure><\/div>\n\n\n\n<div style=\"height:60px\" aria-hidden=\"true\" class=\"wp-block-spacer\"><\/div>\n\n\n\n<div class=\"wp-block-media-text alignwide is-stacked-on-mobile is-vertically-aligned-top\" style=\"grid-template-columns:56% auto\"><figure class=\"wp-block-media-text__media\"><img loading=\"lazy\" decoding=\"async\" width=\"800\" height=\"600\" src=\"https:\/\/travento.mx\/wp-content\/uploads\/2025\/10\/FOTOS-PAGINA-6.png\" alt=\"\" class=\"wp-image-2756 size-full\" srcset=\"https:\/\/travento.mx\/wp-content\/uploads\/2025\/10\/FOTOS-PAGINA-6.png 800w, https:\/\/travento.mx\/wp-content\/uploads\/2025\/10\/FOTOS-PAGINA-6-300x225.png 300w, https:\/\/travento.mx\/wp-content\/uploads\/2025\/10\/FOTOS-PAGINA-6-768x576.png 768w, https:\/\/travento.mx\/wp-content\/uploads\/2025\/10\/FOTOS-PAGINA-6-500x375.png 500w\" sizes=\"auto, (max-width: 800px) 100vw, 800px\" \/><\/figure><div class=\"wp-block-media-text__content\">\n<div style=\"height:30px\" aria-hidden=\"true\" class=\"wp-block-spacer\"><\/div>\n\n\n\n<h2 class=\"wp-block-heading\">Cristina Gonzalez<\/h2>\n\n\n\n<p class=\"has-small-font-size\"><strong>TRAVEL COUNSELOR<\/strong><\/p>\n\n\n\n<div class=\"wp-block-columns is-layout-flex wp-container-core-columns-is-layout-9d6595d7 wp-block-columns-is-layout-flex\">\n<div class=\"wp-block-column is-layout-flow wp-block-column-is-layout-flow\" style=\"flex-basis:10%\"><\/div>\n\n\n\n<div class=\"wp-block-column is-layout-flow wp-block-column-is-layout-flow\" style=\"flex-basis:90%\">\n<p>Soy Cristina Gonz\u00e1lez, asesora de viajes en Travento desde hace m\u00e1s de cinco a\u00f1os.<br>A lo largo de este tiempo he descubierto que viajar no solo es un regalo, sino una de las formas m\u00e1s poderosas de conectar con el mundo, con otros y con uno mismo.<\/p>\n\n\n\n<p>Mi misi\u00f3n diaria es mantenerme actualizada, descubrir nuevos rincones del mundo y dise\u00f1ar experiencias \u00fanicas para cada viajero. Creo que un buen viaje no empieza al abordar un avi\u00f3n, sino desde el momento en que lo sue\u00f1as.<\/p>\n\n\n\n<p>Me apasiona crear itinerarios personalizados, cuidando cada detalle, para que tu experiencia no solo sea inolvidable, sino transformadora.<\/p>\n\n\n\n<p>Porque s\u00ed, el mundo es inmenso y maravilloso\u2026 y t\u00fa mereces recorrerlo a tu manera.<\/p>\n<\/div>\n<\/div>\n<\/div><\/div>\n\n\n\n<div class=\"wp-block-media-text alignwide has-media-on-the-right is-stacked-on-mobile is-vertically-aligned-top\" style=\"grid-template-columns:auto 58%\"><div class=\"wp-block-media-text__content\">\n<div style=\"height:30px\" aria-hidden=\"true\" class=\"wp-block-spacer\"><\/div>\n\n\n\n<h2 class=\"wp-block-heading\">Gabriela Esparza<\/h2>\n\n\n\n<p class=\"has-small-font-size\"><strong>TRAVEL COUNSELOR<\/strong><\/p>\n\n\n\n<div class=\"wp-block-columns is-layout-flex wp-container-core-columns-is-layout-9d6595d7 wp-block-columns-is-layout-flex\">\n<div class=\"wp-block-column is-layout-flow wp-block-column-is-layout-flow\" style=\"flex-basis:10%\"><\/div>\n\n\n\n<div class=\"wp-block-column is-layout-flow wp-block-column-is-layout-flow\" style=\"flex-basis:90%\">\n<p class=\"has-text-align-right\">Viajar es una fascinante y gratificante experiencia que colma de plenitud nuestro esp\u00edritu, nutre el intelecto multiplicando nuestros conocimientos al encontrar y descubrir nuevas culturas, personas, encantadores pueblos, costumbres, diversi\u00f3n, oficios, sublimes paisajes quedando por siempre vivos en la memoria que enriquecen y fortalecen nuestro ser.<\/p>\n<\/div>\n<\/div>\n\n\n\n<p><\/p>\n<\/div><figure class=\"wp-block-media-text__media\"><img loading=\"lazy\" decoding=\"async\" width=\"800\" height=\"600\" src=\"https:\/\/travento.mx\/wp-content\/uploads\/2025\/04\/FOTOS-PAGINA-2.png\" alt=\"\" class=\"wp-image-2693 size-full\" srcset=\"https:\/\/travento.mx\/wp-content\/uploads\/2025\/04\/FOTOS-PAGINA-2.png 800w, https:\/\/travento.mx\/wp-content\/uploads\/2025\/04\/FOTOS-PAGINA-2-300x225.png 300w, https:\/\/travento.mx\/wp-content\/uploads\/2025\/04\/FOTOS-PAGINA-2-768x576.png 768w, https:\/\/travento.mx\/wp-content\/uploads\/2025\/04\/FOTOS-PAGINA-2-500x375.png 500w\" sizes=\"auto, (max-width: 800px) 100vw, 800px\" \/><\/figure><\/div>\n\n\n\n<div class=\"wp-block-media-text alignwide is-stacked-on-mobile is-vertically-aligned-top\" style=\"grid-template-columns:56% auto\"><figure class=\"wp-block-media-text__media\"><img loading=\"lazy\" decoding=\"async\" width=\"800\" height=\"600\" src=\"https:\/\/travento.mx\/wp-content\/uploads\/2025\/05\/FOTOS-PAGINA-5.png\" alt=\"\" class=\"wp-image-2742 size-full\" srcset=\"https:\/\/travento.mx\/wp-content\/uploads\/2025\/05\/FOTOS-PAGINA-5.png 800w, https:\/\/travento.mx\/wp-content\/uploads\/2025\/05\/FOTOS-PAGINA-5-300x225.png 300w, https:\/\/travento.mx\/wp-content\/uploads\/2025\/05\/FOTOS-PAGINA-5-768x576.png 768w, https:\/\/travento.mx\/wp-content\/uploads\/2025\/05\/FOTOS-PAGINA-5-500x375.png 500w\" sizes=\"auto, (max-width: 800px) 100vw, 800px\" \/><\/figure><div class=\"wp-block-media-text__content\">\n<div style=\"height:30px\" aria-hidden=\"true\" class=\"wp-block-spacer\"><\/div>\n\n\n\n<h2 class=\"wp-block-heading\">Rosa Navarro<\/h2>\n\n\n\n<p class=\"has-small-font-size\"><strong>TRAVEL COUNSELOR<\/strong> <strong>AND MARKETING<\/strong><\/p>\n\n\n\n<div class=\"wp-block-columns is-layout-flex wp-container-core-columns-is-layout-9d6595d7 wp-block-columns-is-layout-flex\">\n<div class=\"wp-block-column is-layout-flow wp-block-column-is-layout-flow\" style=\"flex-basis:10%\"><\/div>\n\n\n\n<div class=\"wp-block-column is-layout-flow wp-block-column-is-layout-flow\" style=\"flex-basis:90%\">\n<p>Con seis a\u00f1os de experiencia en la industria del turismo, me especializo en dise\u00f1ar y comunicar experiencias que conectan a las personas con el mundo. <\/p>\n\n\n\n<p>Disfruto encontrar el equilibrio entre estrategia y emoci\u00f3n para crear viajes memorables.<br><\/p>\n\n\n\n<p>Apasionada por la fotograf\u00eda y la historia, siempre estoy buscando nuevas formas de capturar y compartir lo que hace \u00fanico a cada destino. Creo en el poder de los viajes para transformar la manera en que vemos el mundo\u2026 y c\u00f3mo nos vemos a nosotros mismos.<\/p>\n<\/div>\n<\/div>\n\n\n\n<p><\/p>\n\n\n\n<p><\/p>\n<\/div><\/div>\n\n\n\n<div class=\"wp-block-media-text alignwide has-media-on-the-right is-stacked-on-mobile is-vertically-aligned-top\" style=\"grid-template-columns:auto 58%\"><div class=\"wp-block-media-text__content\">\n<div style=\"height:30px\" aria-hidden=\"true\" class=\"wp-block-spacer\"><\/div>\n\n\n\n<h2 class=\"wp-block-heading\">Magui Gonzalez<\/h2>\n\n\n\n<p class=\"has-small-font-size\"><strong>TRAVEL COUNSELOR<\/strong><\/p>\n\n\n\n<div class=\"wp-block-columns is-layout-flex wp-container-core-columns-is-layout-9d6595d7 wp-block-columns-is-layout-flex\">\n<div class=\"wp-block-column is-layout-flow wp-block-column-is-layout-flow\" style=\"flex-basis:10%\"><\/div>\n\n\n\n<div class=\"wp-block-column is-layout-flow wp-block-column-is-layout-flow\" style=\"flex-basis:90%\">\n<p class=\"has-text-align-right\">Creo que el mundo es tan grande y tan espectacular como para no so\u00f1ar en recorrerlo todo.<\/p>\n\n\n\n<p class=\"has-text-align-right\">Los viajes no solo te enriquecen como persona si no que tambi\u00e9n te cambian la forma de ver la vida .<\/p>\n\n\n\n<p class=\"has-text-align-right\">Amo viajar, amo comer y beber la comida y bebida local de cada lugar al que viajo , conocer personas a las que solo conocer\u00e9 viajando , y no quiero parar hasta que la vida me permita .<\/p>\n\n\n\n<p class=\"has-text-align-right\">Travento es una forma de estar viajando constantemente porque todos los d\u00edas aprendemos algo nuevo de este&nbsp;gran&nbsp;planeta.<\/p>\n<\/div>\n<\/div>\n\n\n\n<div style=\"height:62px\" aria-hidden=\"true\" class=\"wp-block-spacer\"><\/div>\n<\/div><figure class=\"wp-block-media-text__media\"><img loading=\"lazy\" decoding=\"async\" width=\"800\" height=\"600\" src=\"https:\/\/travento.mx\/wp-content\/uploads\/2025\/04\/FOTOS-PAGINA-5.png\" alt=\"\" class=\"wp-image-2721 size-full\" srcset=\"https:\/\/travento.mx\/wp-content\/uploads\/2025\/04\/FOTOS-PAGINA-5.png 800w, https:\/\/travento.mx\/wp-content\/uploads\/2025\/04\/FOTOS-PAGINA-5-300x225.png 300w, https:\/\/travento.mx\/wp-content\/uploads\/2025\/04\/FOTOS-PAGINA-5-768x576.png 768w, https:\/\/travento.mx\/wp-content\/uploads\/2025\/04\/FOTOS-PAGINA-5-500x375.png 500w\" sizes=\"auto, (max-width: 800px) 100vw, 800px\" \/><\/figure><\/div>\n\n\n\n<p><\/p>\n\n\n\n<div class=\"wp-block-media-text alignwide has-media-on-the-right is-stacked-on-mobile is-vertically-aligned-top\" style=\"grid-template-columns:auto 58%\"><div class=\"wp-block-media-text__content\">\n<div style=\"height:30px\" aria-hidden=\"true\" class=\"wp-block-spacer\"><\/div>\n\n\n\n<h2 class=\"wp-block-heading\">Fernanda Plaschinski<\/h2>\n\n\n\n<p class=\"has-small-font-size\"><strong>TRAVEL COUNSELOR<\/strong><\/p>\n\n\n\n<div class=\"wp-block-columns is-layout-flex wp-container-core-columns-is-layout-9d6595d7 wp-block-columns-is-layout-flex\">\n<div class=\"wp-block-column is-layout-flow wp-block-column-is-layout-flow\" style=\"flex-basis:10%\"><\/div>\n\n\n\n<div class=\"wp-block-column is-layout-flow wp-block-column-is-layout-flow\" style=\"flex-basis:90%\">\n<p class=\"has-text-align-right\">Soy Fernanda, viajera apasionada y amante de las culturas.<br>Desde muy chica, gracias a Dios y a mis pap\u00e1s, tuve la oportunidad de conocer distintas partes del mundo y descubrir cada lugar como si fuera una local.<br>Lo que m\u00e1s disfruto es encontrar experiencias \u00fanicas que me permitan conectar de verdad con la esencia y cultura de cada destino.<br>Me encanta crear itinerarios personalizados y dar las mejores recomendaciones, siempre como si el viaje&nbsp;fuera&nbsp;para&nbsp;m\u00ed.<\/p>\n<\/div>\n<\/div>\n\n\n\n<div style=\"height:62px\" aria-hidden=\"true\" class=\"wp-block-spacer\"><\/div>\n<\/div><figure class=\"wp-block-media-text__media\"><img loading=\"lazy\" decoding=\"async\" width=\"1024\" height=\"768\" src=\"https:\/\/travento.mx\/wp-content\/uploads\/2025\/04\/FOTOS-PAGINA-1024x768.png\" alt=\"\" class=\"wp-image-2690 size-full\" srcset=\"https:\/\/travento.mx\/wp-content\/uploads\/2025\/04\/FOTOS-PAGINA-1024x768.png 1024w, https:\/\/travento.mx\/wp-content\/uploads\/2025\/04\/FOTOS-PAGINA-300x225.png 300w, https:\/\/travento.mx\/wp-content\/uploads\/2025\/04\/FOTOS-PAGINA-768x576.png 768w, https:\/\/travento.mx\/wp-content\/uploads\/2025\/04\/FOTOS-PAGINA-500x375.png 500w, https:\/\/travento.mx\/wp-content\/uploads\/2025\/04\/FOTOS-PAGINA-800x600.png 800w, https:\/\/travento.mx\/wp-content\/uploads\/2025\/04\/FOTOS-PAGINA.png 1280w\" sizes=\"auto, (max-width: 1024px) 100vw, 1024px\" \/><\/figure><\/div>\n\n\n\n<div class=\"wp-block-media-text alignwide is-stacked-on-mobile is-vertically-aligned-top\" style=\"grid-template-columns:54% auto\"><figure class=\"wp-block-media-text__media\"><img loading=\"lazy\" decoding=\"async\" width=\"800\" height=\"600\" src=\"https:\/\/travento.mx\/wp-content\/uploads\/2025\/05\/FOTOS-PAGINA-4.png\" alt=\"\" class=\"wp-image-2741 size-full\" srcset=\"https:\/\/travento.mx\/wp-content\/uploads\/2025\/05\/FOTOS-PAGINA-4.png 800w, https:\/\/travento.mx\/wp-content\/uploads\/2025\/05\/FOTOS-PAGINA-4-300x225.png 300w, https:\/\/travento.mx\/wp-content\/uploads\/2025\/05\/FOTOS-PAGINA-4-768x576.png 768w, https:\/\/travento.mx\/wp-content\/uploads\/2025\/05\/FOTOS-PAGINA-4-500x375.png 500w\" sizes=\"auto, (max-width: 800px) 100vw, 800px\" \/><\/figure><div class=\"wp-block-media-text__content\">\n<div style=\"height:30px\" aria-hidden=\"true\" class=\"wp-block-spacer\"><\/div>\n\n\n\n<h2 class=\"wp-block-heading\">Susana Gomez<\/h2>\n\n\n\n<p class=\"has-small-font-size\"><strong>ADMINISTRATION<\/strong><\/p>\n\n\n\n<div class=\"wp-block-columns is-layout-flex wp-container-core-columns-is-layout-9d6595d7 wp-block-columns-is-layout-flex\">\n<div class=\"wp-block-column is-layout-flow wp-block-column-is-layout-flow\" style=\"flex-basis:10%\"><\/div>\n\n\n\n<div class=\"wp-block-column is-layout-flow wp-block-column-is-layout-flow\" style=\"flex-basis:90%\">\n<p>Soy Susana Gomez y como parte del equipo de Travento, tengo a mi cargo la parte Administrativa. Me apasiona viajar, descubrir costumbres, ideolog\u00edas, formas de vida.&nbsp;<\/p>\n\n\n\n<p>He tenido oportunidad de viajar por Europa , Sudamerica, Estados Unidos y Canad\u00e1.<\/p>\n\n\n\n<p>Mi filosof\u00eda es viajar hasta que la vida nos permita.<\/p>\n\n\n\n<p>Mi lugar favorito hasta hoy ha sido, Paris.<\/p>\n\n\n\n<div style=\"height:192px\" aria-hidden=\"true\" class=\"wp-block-spacer\"><\/div>\n<\/div>\n<\/div>\n<\/div><\/div>\n\n\n\n<div class=\"wp-block-media-text alignwide has-media-on-the-right is-stacked-on-mobile is-vertically-aligned-top\" style=\"grid-template-columns:auto 55%\"><div class=\"wp-block-media-text__content\">\n<div style=\"height:30px\" aria-hidden=\"true\" class=\"wp-block-spacer\"><\/div>\n\n\n\n<h2 class=\"wp-block-heading\">Adan Quintero<\/h2>\n\n\n\n<p class=\"has-small-font-size\"><strong>OPERATIONS MANAGER<\/strong><\/p>\n\n\n\n<div class=\"wp-block-columns is-layout-flex wp-container-core-columns-is-layout-9d6595d7 wp-block-columns-is-layout-flex\">\n<div class=\"wp-block-column is-layout-flow wp-block-column-is-layout-flow\" style=\"flex-basis:10%\"><\/div>\n\n\n\n<div class=\"wp-block-column is-layout-flow wp-block-column-is-layout-flow\" style=\"flex-basis:90%\">\n<p class=\"has-text-align-right\">Soy Adan Quintero, con m\u00e1s de 10 a\u00f1os de experiencia en turismo, formar parte de Travento me llev\u00f3 a encontrar mi pasi\u00f3n por el arte de viajar<\/p>\n\n\n\n<p class=\"has-text-align-right\">Llevo a cargo la gerencia operativa de nuestra agencia, mi labor es descubrir los encantos de cada destino para poder dise\u00f1ar la mejor log\u00edstica y llevar tu experiencia de viaje a otro nivel.<\/p>\n\n\n\n<p class=\"has-text-align-right\">He tenido la oportunidad de viajar por Asia, Africa, Europa y Norte Am\u00e9rica.<\/p>\n\n\n\n<p class=\"has-text-align-right\">Considero que no hay mejor alimento para la intelectualidad, que el gusto por el&nbsp;arte&nbsp;de&nbsp;viaja.<\/p>\n<\/div>\n<\/div>\n<\/div><figure class=\"wp-block-media-text__media\"><img loading=\"lazy\" decoding=\"async\" width=\"800\" height=\"600\" src=\"https:\/\/travento.mx\/wp-content\/uploads\/2025\/04\/FOTOS-PAGINA-4.png\" alt=\"\" class=\"wp-image-2718 size-full\" srcset=\"https:\/\/travento.mx\/wp-content\/uploads\/2025\/04\/FOTOS-PAGINA-4.png 800w, https:\/\/travento.mx\/wp-content\/uploads\/2025\/04\/FOTOS-PAGINA-4-300x225.png 300w, https:\/\/travento.mx\/wp-content\/uploads\/2025\/04\/FOTOS-PAGINA-4-768x576.png 768w, https:\/\/travento.mx\/wp-content\/uploads\/2025\/04\/FOTOS-PAGINA-4-500x375.png 500w\" sizes=\"auto, (max-width: 800px) 100vw, 800px\" \/><\/figure><\/div>\n\n\n\n<div class=\"wp-block-media-text alignwide is-stacked-on-mobile is-vertically-aligned-top\" style=\"grid-template-columns:56% auto\"><figure class=\"wp-block-media-text__media\"><img loading=\"lazy\" decoding=\"async\" width=\"800\" height=\"600\" src=\"https:\/\/travento.mx\/wp-content\/uploads\/2025\/04\/FOTOS-PAGINA-3.png\" alt=\"\" class=\"wp-image-2710 size-full\" srcset=\"https:\/\/travento.mx\/wp-content\/uploads\/2025\/04\/FOTOS-PAGINA-3.png 800w, https:\/\/travento.mx\/wp-content\/uploads\/2025\/04\/FOTOS-PAGINA-3-300x225.png 300w, https:\/\/travento.mx\/wp-content\/uploads\/2025\/04\/FOTOS-PAGINA-3-768x576.png 768w, https:\/\/travento.mx\/wp-content\/uploads\/2025\/04\/FOTOS-PAGINA-3-500x375.png 500w\" sizes=\"auto, (max-width: 800px) 100vw, 800px\" \/><\/figure><div class=\"wp-block-media-text__content\">\n<div style=\"height:30px\" aria-hidden=\"true\" class=\"wp-block-spacer\"><\/div>\n\n\n\n<h2 class=\"wp-block-heading\">Samir Younes<\/h2>\n\n\n\n<p class=\"has-small-font-size\"><strong>TRAVEL COUNSELOR<\/strong><\/p>\n\n\n\n<div class=\"wp-block-columns is-layout-flex wp-container-core-columns-is-layout-9d6595d7 wp-block-columns-is-layout-flex\">\n<div class=\"wp-block-column is-layout-flow wp-block-column-is-layout-flow\" style=\"flex-basis:10%\"><\/div>\n\n\n\n<div class=\"wp-block-column is-layout-flow wp-block-column-is-layout-flow\" style=\"flex-basis:90%\">\n<p>Me encanta sumergirme en nuevas culturas, probar sabores distintos, aprender costumbres \u00fanicas y dejarme sorprender por lo inesperado. Planear cada detalle de un viaje me permite conectar profundamente con los lugares que visito, vivir experiencias aut\u00e9nticas y crear recuerdos que trascienden lo cotidiano. Viajar, para m\u00ed, no es solo ir de un lugar a otro, es una forma de crecer, inspirarme y enriquecer mi vida con historias reales y personas extraordinarias..<\/p>\n\n\n\n<p><\/p>\n<\/div>\n<\/div>\n<\/div><\/div>\n<\/div>\n\n\n\n<div class=\"wp-block-column is-layout-flow wp-block-column-is-layout-flow\" style=\"flex-basis:10%\"><\/div>\n<\/div>\n\n\n\n<div style=\"height:100px\" aria-hidden=\"true\" class=\"wp-block-spacer\"><\/div>\n\n\n\n<div class=\"wp-block-columns is-layout-flex wp-container-core-columns-is-layout-9d6595d7 wp-block-columns-is-layout-flex\">\n<div class=\"wp-block-column is-layout-flow wp-block-column-is-layout-flow\" style=\"flex-basis:20%\"><\/div>\n\n\n\n<div class=\"wp-block-column is-layout-flow wp-block-column-is-layout-flow\" style=\"flex-basis:60%\">\n<p class=\"has-text-align-center\">Iniciemos la mejor experiencia en tu viaje, ponte en contacto con nosotros y hagamos este momento inolvidable.<\/p>\n\n\n\n<div class=\"wp-block-buttons is-horizontal is-content-justification-center is-layout-flex wp-container-core-buttons-is-layout-499968f5 wp-block-buttons-is-layout-flex\">\n<div class=\"wp-block-button\"><a class=\"wp-block-button__link wp-element-button\" style=\"border-radius:5px\">Contacto<\/a><\/div>\n<\/div>\n<\/div>\n\n\n\n<div class=\"wp-block-column is-layout-flow wp-block-column-is-layout-flow\" style=\"flex-basis:20%\"><\/div>\n<\/div>\n\n\n\n<div style=\"height:100px\" aria-hidden=\"true\" class=\"wp-block-spacer\"><\/div>\n","protected":false},"excerpt":{"rendered":"<p>Lorena Ramirez DIRECTORA GENERAL Viajar es mi forma de estar viva. He recorrido 105 pa\u00edses, y cada uno me ha dejado una huella: un sabor,&hellip;<\/p>\n","protected":false},"author":2,"featured_media":0,"parent":0,"menu_order":0,"comment_status":"closed","ping_status":"closed","template":"","meta":{"footnotes":""},"class_list":["post-516","page","type-page","status-publish","hentry"],"_links":{"self":[{"href":"https:\/\/travento.mx\/index.php\/wp-json\/wp\/v2\/pages\/516","targetHints":{"allow":["GET"]}}],"collection":[{"href":"https:\/\/travento.mx\/index.php\/wp-json\/wp\/v2\/pages"}],"about":[{"href":"https:\/\/travento.mx\/index.php\/wp-json\/wp\/v2\/types\/page"}],"author":[{"embeddable":true,"href":"https:\/\/travento.mx\/index.php\/wp-json\/wp\/v2\/users\/2"}],"replies":[{"embeddable":true,"href":"https:\/\/travento.mx\/index.php\/wp-json\/wp\/v2\/comments?post=516"}],"version-history":[{"count":62,"href":"https:\/\/travento.mx\/index.php\/wp-json\/wp\/v2\/pages\/516\/revisions"}],"predecessor-version":[{"id":2762,"href":"https:\/\/travento.mx\/index.php\/wp-json\/wp\/v2\/pages\/516\/revisions\/2762"}],"wp:attachment":[{"href":"https:\/\/travento.mx\/index.php\/wp-json\/wp\/v2\/media?parent=516"}],"curies":[{"name":"wp","href":"https:\/\/api.w.org\/{rel}","templated":true}]}}