{"id":523,"date":"2020-12-10T18:58:37","date_gmt":"2020-12-10T18:58:37","guid":{"rendered":"https:\/\/travento.mx\/?page_id=523"},"modified":"2025-10-01T15:51:39","modified_gmt":"2025-10-01T15:51:39","slug":"beneficios","status":"publish","type":"page","link":"https:\/\/travento.mx\/index.php\/beneficios\/","title":{"rendered":"Nuestros Beneficios"},"content":{"rendered":"\n<div class=\"wp-block-nk-awb nk-awb nk-awb-fullheight nk-awb-content-valign-center alignfull\"><div class=\"nk-awb-wrap\" data-awb-type=\"yt_vm_video\" data-awb-video=\"https:\/\/player.vimeo.com\/video\/528871511\" data-awb-video-mobile=\"true\" data-awb-parallax=\"scroll\" data-awb-parallax-speed=\"0.5\" data-awb-parallax-mobile=\"false\" data-awb-image-background-size=\"cover\" data-awb-image-background-position=\"50% 50%\"><div class=\"nk-awb-overlay\" style=\"background: rgba(84, 88, 89, 0);\"><\/div><div class=\"nk-awb-inner\"><img loading=\"lazy\" decoding=\"async\" src=\"https:\/\/travento.mx\/wp-content\/uploads\/2021\/04\/home.jpg\" class=\"wp-image-1105 jarallax-img\" width=\"1024\" height=\"400\" srcset=\"https:\/\/travento.mx\/wp-content\/uploads\/2021\/04\/home.jpg 1024w, https:\/\/travento.mx\/wp-content\/uploads\/2021\/04\/home-300x117.jpg 300w, https:\/\/travento.mx\/wp-content\/uploads\/2021\/04\/home-768x300.jpg 768w, https:\/\/travento.mx\/wp-content\/uploads\/2021\/04\/home-500x195.jpg 500w, https:\/\/travento.mx\/wp-content\/uploads\/2021\/04\/home-800x313.jpg 800w\" sizes=\"auto, (max-width: 1024px) 100vw, 1024px\" \/><\/div><\/div><div class=\"nk-awb-wrap-content is-layout-constrained wp-block-nk-awb-is-layout-constrained\">\n<div style=\"height:200px\" aria-hidden=\"true\" class=\"wp-block-spacer\"><\/div>\n\n\n\n<h2 class=\"wp-block-heading has-text-align-center has-white-color has-text-color\" style=\"font-size:80px\"><strong>Serandipians<\/strong><\/h2>\n\n\n\n<div style=\"height:200px\" aria-hidden=\"true\" class=\"wp-block-spacer\"><\/div>\n<\/div><\/div>\n\n\n\n<div style=\"height:25px\" aria-hidden=\"true\" class=\"wp-block-spacer\"><\/div>\n\n\n\n<div class=\"wp-block-columns alignfull is-layout-flex wp-container-core-columns-is-layout-9d6595d7 wp-block-columns-is-layout-flex\">\n<div class=\"wp-block-column is-layout-flow wp-block-column-is-layout-flow\" style=\"flex-basis:10%\"><\/div>\n\n\n\n<div class=\"wp-block-column is-layout-flow wp-block-column-is-layout-flow\" style=\"flex-basis:80%\">\n<p><strong>Serandipians<\/strong> es una consorcia que saca a la luz el extraordinario talento de los Dise\u00f1adores de Viajes de Lujo y hoteles que dan la respuesta m\u00e1s adecuada a las necesidades de los viajeros m\u00e1s exigentes, que buscan un nivel de servicio adecuado.<\/p>\n\n\n\n<p>Ser parte de <strong>Serandipians<\/strong> nos permite brindarte amenidades especiales para lograr una experiencia de viaje m\u00e1s especial e inolvidable.<\/p>\n\n\n\n<figure class=\"wp-block-image size-large\"><img loading=\"lazy\" decoding=\"async\" width=\"1024\" height=\"441\" src=\"https:\/\/travento.mx\/wp-content\/uploads\/2025\/10\/Serandipians_Logo_Member-Travel-Designers_Black-1024x441.png\" alt=\"\" class=\"wp-image-2752\" srcset=\"https:\/\/travento.mx\/wp-content\/uploads\/2025\/10\/Serandipians_Logo_Member-Travel-Designers_Black-1024x441.png 1024w, https:\/\/travento.mx\/wp-content\/uploads\/2025\/10\/Serandipians_Logo_Member-Travel-Designers_Black-300x129.png 300w, https:\/\/travento.mx\/wp-content\/uploads\/2025\/10\/Serandipians_Logo_Member-Travel-Designers_Black-768x331.png 768w, https:\/\/travento.mx\/wp-content\/uploads\/2025\/10\/Serandipians_Logo_Member-Travel-Designers_Black-500x215.png 500w, https:\/\/travento.mx\/wp-content\/uploads\/2025\/10\/Serandipians_Logo_Member-Travel-Designers_Black-800x345.png 800w, https:\/\/travento.mx\/wp-content\/uploads\/2025\/10\/Serandipians_Logo_Member-Travel-Designers_Black.png 1198w\" sizes=\"auto, (max-width: 1024px) 100vw, 1024px\" \/><\/figure>\n\n\n<div  id=\"jtg-528\" class=\"modula modula-gallery modula-custom-grid\" data-config=\"{&quot;height&quot;:800,&quot;tabletHeight&quot;:800,&quot;mobileHeight&quot;:800,&quot;desktopHeight&quot;:800,&quot;enableTwitter&quot;:false,&quot;enableWhatsapp&quot;:false,&quot;enableFacebook&quot;:false,&quot;enablePinterest&quot;:false,&quot;enableLinkedin&quot;:false,&quot;enableEmail&quot;:false,&quot;randomFactor&quot;:0.5,&quot;type&quot;:&quot;custom-grid&quot;,&quot;columns&quot;:12,&quot;gutter&quot;:14,&quot;mobileGutter&quot;:14,&quot;tabletGutter&quot;:14,&quot;desktopGutter&quot;:14,&quot;enableResponsive&quot;:&quot;0&quot;,&quot;tabletColumns&quot;:&quot;2&quot;,&quot;mobileColumns&quot;:&quot;1&quot;,&quot;lazyLoad&quot;:0,&quot;lightboxOpts&quot;:{&quot;animated&quot;:true,&quot;Thumbs&quot;:{&quot;type&quot;:&quot;modern&quot;,&quot;showOnStart&quot;:false},&quot;Toolbar&quot;:{&quot;display&quot;:{&quot;right&quot;:[&quot;close&quot;]},&quot;enabled&quot;:true},&quot;Carousel&quot;:{&quot;Panzoom&quot;:{&quot;touch&quot;:true},&quot;infinite&quot;:false},&quot;keyboard&quot;:{&quot;Escape&quot;:&quot;close&quot;,&quot;Delete&quot;:&quot;close&quot;,&quot;Backspace&quot;:&quot;close&quot;,&quot;PageUp&quot;:false,&quot;PageDown&quot;:false,&quot;ArrowUp&quot;:false,&quot;ArrowDown&quot;:false,&quot;ArrowRight&quot;:false,&quot;ArrowLeft&quot;:false},&quot;touch&quot;:false,&quot;backdropClick&quot;:false,&quot;l10n&quot;:{&quot;CLOSE&quot;:&quot;Close&quot;,&quot;NEXT&quot;:&quot;Next&quot;,&quot;PREV&quot;:&quot;Previous&quot;,&quot;Error&quot;:&quot;The requested content cannot be loaded. Please try again later.&quot;,&quot;PLAY_START&quot;:&quot;Start slideshow&quot;,&quot;PLAY_STOP&quot;:&quot;Pause slideshow&quot;,&quot;FULL_SCREEN&quot;:&quot;Full screen&quot;,&quot;THUMBS&quot;:&quot;Thumbnails&quot;,&quot;DOWNLOAD&quot;:&quot;Download&quot;,&quot;SHARE&quot;:&quot;Share&quot;,&quot;ZOOM&quot;:&quot;Zoom&quot;,&quot;EMAIL&quot;:&quot;Here is the link to the image : %%image_link%% and this is the link to the gallery : %%gallery_link%%&quot;,&quot;MODAL&quot;:&quot;You can close this modal content with the ESC key&quot;,&quot;ERROR&quot;:&quot;Something Went Wrong, Please Try Again Later&quot;,&quot;IMAGE_ERROR&quot;:&quot;Image Not Found&quot;,&quot;ELEMENT_NOT_FOUND&quot;:&quot;HTML Element Not Found&quot;,&quot;AJAX_NOT_FOUND&quot;:&quot;Error Loading AJAX : Not Found&quot;,&quot;AJAX_FORBIDDEN&quot;:&quot;Error Loading AJAX : Forbidden&quot;,&quot;IFRAME_ERROR&quot;:&quot;Error Loading Page&quot;,&quot;TOGGLE_ZOOM&quot;:&quot;Toggle zoom level&quot;,&quot;TOGGLE_THUMBS&quot;:&quot;Toggle thumbnails&quot;,&quot;TOGGLE_SLIDESHOW&quot;:&quot;Toggle slideshow&quot;,&quot;TOGGLE_FULLSCREEN&quot;:&quot;Toggle full-screen mode&quot;},&quot;Images&quot;:{&quot;Panzoom&quot;:{&quot;maxScale&quot;:2}},&quot;mainClass&quot;:&quot;modula-fancybox-container modula-lightbox-jtg-528&quot;,&quot;Html&quot;:{&quot;videoAutoplay&quot;:0,&quot;videoTpl&quot;:&quot;&lt;video class=\\&quot;fancybox__html5video\\&quot; controls muted playsinline controlsList controlsList=\\&quot;nodownload\\&quot; poster=\\&quot;{{poster}}\\&quot; src=\\&quot;{{src}}\\&quot; type=\\&quot;{{format}}\\&quot; &gt;  Sorry, your browser doesn&#039;t support embedded videos, &lt;a href=\\&quot;{{src}}\\&quot;&gt; download &lt;\\\/a&gt; and watch with your favorite video player! &lt;\\\/video&gt;&quot;}},&quot;inView&quot;:false,&quot;email_subject&quot;:&quot;Check out this awesome image !!&quot;,&quot;email_message&quot;:&quot;Here is the link to the image : %%image_link%% and this is the link to the gallery : %%gallery_link%%&quot;,&quot;lightbox&quot;:&quot;fancybox&quot;}\">\n\n\t\n\t<div  class=\"modula-items\">\n\t\t<div class=\"modula-item\" data-width=\"4\" data-height=\"2\" >\n\t<div class=\"modula-item-content\">\n\t\t\n\t\t\t\t\t<a data-image-id=\"1113\" role=\"button\" tabindex=\"0\" rel=\"jtg-528\" data-caption=\"\" aria-label=\"Open image in lightbox\" class=\"tile-inner modula-item-link\"><\/a>\n\t\t\n\t\t<img loading=\"lazy\" decoding=\"async\" class=\"pic wp-image-1113\"  data-valign=\"middle\" data-halign=\"center\" alt=\"\" data-full=\"https:\/\/travento.mx\/wp-content\/uploads\/2021\/04\/024.jpg\" title=\"024\" crop=\"\" width=\"300\" height=\"200\" src=\"https:\/\/travento.mx\/wp-content\/uploads\/2021\/04\/024-300x200.jpg\" data-src=\"https:\/\/travento.mx\/wp-content\/uploads\/2021\/04\/024-300x200.jpg\" data-caption=\"\" srcset=\"https:\/\/travento.mx\/wp-content\/uploads\/2021\/04\/024.jpg 1200w, https:\/\/travento.mx\/wp-content\/uploads\/2021\/04\/024-300x200.jpg 300w, https:\/\/travento.mx\/wp-content\/uploads\/2021\/04\/024-1024x683.jpg 1024w, https:\/\/travento.mx\/wp-content\/uploads\/2021\/04\/024-768x512.jpg 768w, https:\/\/travento.mx\/wp-content\/uploads\/2021\/04\/024-500x333.jpg 500w, https:\/\/travento.mx\/wp-content\/uploads\/2021\/04\/024-800x533.jpg 800w\" sizes=\"auto, (max-width: 300px) 100vw, 300px\" \/>\n\t<\/div>\n\n<\/div><div class=\"modula-item\" data-width=\"4\" data-height=\"2\" >\n\t<div class=\"modula-item-content\">\n\t\t\n\t\t\t\t\t<a data-image-id=\"1114\" role=\"button\" tabindex=\"0\" rel=\"jtg-528\" data-caption=\"\" aria-label=\"Open image in lightbox\" class=\"tile-inner modula-item-link\"><\/a>\n\t\t\n\t\t<img loading=\"lazy\" decoding=\"async\" class=\"pic wp-image-1114\"  data-valign=\"middle\" data-halign=\"center\" alt=\"\" data-full=\"https:\/\/travento.mx\/wp-content\/uploads\/2021\/04\/Cap-Rocat-5.jpg\" title=\"Cap-Rocat-5\" crop=\"\" width=\"300\" height=\"200\" src=\"https:\/\/travento.mx\/wp-content\/uploads\/2021\/04\/Cap-Rocat-5-300x200.jpg\" data-src=\"https:\/\/travento.mx\/wp-content\/uploads\/2021\/04\/Cap-Rocat-5-300x200.jpg\" data-caption=\"\" srcset=\"https:\/\/travento.mx\/wp-content\/uploads\/2021\/04\/Cap-Rocat-5.jpg 1200w, https:\/\/travento.mx\/wp-content\/uploads\/2021\/04\/Cap-Rocat-5-300x200.jpg 300w, https:\/\/travento.mx\/wp-content\/uploads\/2021\/04\/Cap-Rocat-5-1024x683.jpg 1024w, https:\/\/travento.mx\/wp-content\/uploads\/2021\/04\/Cap-Rocat-5-768x512.jpg 768w, https:\/\/travento.mx\/wp-content\/uploads\/2021\/04\/Cap-Rocat-5-500x333.jpg 500w, https:\/\/travento.mx\/wp-content\/uploads\/2021\/04\/Cap-Rocat-5-800x533.jpg 800w\" sizes=\"auto, (max-width: 300px) 100vw, 300px\" \/>\n\t<\/div>\n\n<\/div><div class=\"modula-item\" data-width=\"4\" data-height=\"2\" >\n\t<div class=\"modula-item-content\">\n\t\t\n\t\t\t\t\t<a data-image-id=\"1118\" role=\"button\" tabindex=\"0\" rel=\"jtg-528\" data-caption=\"\" aria-label=\"Open image in lightbox\" class=\"tile-inner modula-item-link\"><\/a>\n\t\t\n\t\t<img loading=\"lazy\" decoding=\"async\" class=\"pic wp-image-1118\"  data-valign=\"middle\" data-halign=\"center\" alt=\"\" data-full=\"https:\/\/travento.mx\/wp-content\/uploads\/2021\/04\/5-43.jpg\" title=\"5-43\" crop=\"\" width=\"300\" height=\"200\" src=\"https:\/\/travento.mx\/wp-content\/uploads\/2021\/04\/5-43-300x200.jpg\" data-src=\"https:\/\/travento.mx\/wp-content\/uploads\/2021\/04\/5-43-300x200.jpg\" data-caption=\"\" srcset=\"https:\/\/travento.mx\/wp-content\/uploads\/2021\/04\/5-43.jpg 1200w, https:\/\/travento.mx\/wp-content\/uploads\/2021\/04\/5-43-300x200.jpg 300w, https:\/\/travento.mx\/wp-content\/uploads\/2021\/04\/5-43-1024x683.jpg 1024w, https:\/\/travento.mx\/wp-content\/uploads\/2021\/04\/5-43-768x512.jpg 768w, https:\/\/travento.mx\/wp-content\/uploads\/2021\/04\/5-43-500x333.jpg 500w, https:\/\/travento.mx\/wp-content\/uploads\/2021\/04\/5-43-800x533.jpg 800w\" sizes=\"auto, (max-width: 300px) 100vw, 300px\" \/>\n\t<\/div>\n\n<\/div><div class=\"modula-item\" data-width=\"6\" data-height=\"3\" >\n\t<div class=\"modula-item-content\">\n\t\t\n\t\t\t\t\t<a data-image-id=\"1115\" role=\"button\" tabindex=\"0\" rel=\"jtg-528\" data-caption=\"\" aria-label=\"Open image in lightbox\" class=\"tile-inner modula-item-link\"><\/a>\n\t\t\n\t\t<img loading=\"lazy\" decoding=\"async\" class=\"pic wp-image-1115\"  data-valign=\"middle\" data-halign=\"center\" alt=\"\" data-full=\"https:\/\/travento.mx\/wp-content\/uploads\/2021\/04\/Sentinel-Room-8.jpg\" title=\"Sentinel-Room-8\" crop=\"\" width=\"300\" height=\"200\" src=\"https:\/\/travento.mx\/wp-content\/uploads\/2021\/04\/Sentinel-Room-8-300x200.jpg\" data-src=\"https:\/\/travento.mx\/wp-content\/uploads\/2021\/04\/Sentinel-Room-8-300x200.jpg\" data-caption=\"\" srcset=\"https:\/\/travento.mx\/wp-content\/uploads\/2021\/04\/Sentinel-Room-8.jpg 1800w, https:\/\/travento.mx\/wp-content\/uploads\/2021\/04\/Sentinel-Room-8-300x200.jpg 300w, https:\/\/travento.mx\/wp-content\/uploads\/2021\/04\/Sentinel-Room-8-1024x683.jpg 1024w, https:\/\/travento.mx\/wp-content\/uploads\/2021\/04\/Sentinel-Room-8-768x512.jpg 768w, https:\/\/travento.mx\/wp-content\/uploads\/2021\/04\/Sentinel-Room-8-1536x1024.jpg 1536w, https:\/\/travento.mx\/wp-content\/uploads\/2021\/04\/Sentinel-Room-8-500x333.jpg 500w, https:\/\/travento.mx\/wp-content\/uploads\/2021\/04\/Sentinel-Room-8-800x533.jpg 800w, https:\/\/travento.mx\/wp-content\/uploads\/2021\/04\/Sentinel-Room-8-1280x853.jpg 1280w\" sizes=\"auto, (max-width: 300px) 100vw, 300px\" \/>\n\t<\/div>\n\n<\/div><div class=\"modula-item\" data-width=\"6\" data-height=\"3\" >\n\t<div class=\"modula-item-content\">\n\t\t\n\t\t\t\t\t<a data-image-id=\"1117\" role=\"button\" tabindex=\"0\" rel=\"jtg-528\" data-caption=\"\" aria-label=\"Open image in lightbox\" class=\"tile-inner modula-item-link\"><\/a>\n\t\t\n\t\t<img loading=\"lazy\" decoding=\"async\" class=\"pic wp-image-1117\"  data-valign=\"middle\" data-halign=\"center\" alt=\"\" data-full=\"https:\/\/travento.mx\/wp-content\/uploads\/2021\/04\/1-48.jpg\" title=\"1-48\" crop=\"\" width=\"300\" height=\"200\" src=\"https:\/\/travento.mx\/wp-content\/uploads\/2021\/04\/1-48-300x200.jpg\" data-src=\"https:\/\/travento.mx\/wp-content\/uploads\/2021\/04\/1-48-300x200.jpg\" data-caption=\"\" srcset=\"https:\/\/travento.mx\/wp-content\/uploads\/2021\/04\/1-48.jpg 1200w, https:\/\/travento.mx\/wp-content\/uploads\/2021\/04\/1-48-300x200.jpg 300w, https:\/\/travento.mx\/wp-content\/uploads\/2021\/04\/1-48-1024x683.jpg 1024w, https:\/\/travento.mx\/wp-content\/uploads\/2021\/04\/1-48-768x512.jpg 768w, https:\/\/travento.mx\/wp-content\/uploads\/2021\/04\/1-48-500x333.jpg 500w, https:\/\/travento.mx\/wp-content\/uploads\/2021\/04\/1-48-800x533.jpg 800w\" sizes=\"auto, (max-width: 300px) 100vw, 300px\" \/>\n\t<\/div>\n\n<\/div>\t\t\n\t<\/div>\n\n\t\n\t\n\t<script type=\"application\/ld+json\">\n\t{\n\t\t\"@context\": \"https:\/\/schema.org\",\n\t\t\"@type\"   : \"ImageGallery\",\n\t\t\"id\"      : \"https:\/\/travento.mx\/index.php\/beneficios\/#modula-gallery-528\",\n\t\t\"url\"     : \"https:\/\/travento.mx\/index.php\/beneficios\/\"\n\t}\n\n\t<\/script>\n\n\t\n<\/div>\n\n<\/div>\n\n\n\n<div class=\"wp-block-column is-layout-flow wp-block-column-is-layout-flow\" style=\"flex-basis:10%\"><\/div>\n<\/div>\n","protected":false},"excerpt":{"rendered":"<p>Serandipians es una consorcia que saca a la luz el extraordinario talento de los Dise\u00f1adores de Viajes de Lujo y hoteles que dan la respuesta&hellip;<\/p>\n","protected":false},"author":2,"featured_media":0,"parent":0,"menu_order":0,"comment_status":"closed","ping_status":"closed","template":"","meta":{"footnotes":""},"class_list":["post-523","page","type-page","status-publish","hentry"],"_links":{"self":[{"href":"https:\/\/travento.mx\/index.php\/wp-json\/wp\/v2\/pages\/523","targetHints":{"allow":["GET"]}}],"collection":[{"href":"https:\/\/travento.mx\/index.php\/wp-json\/wp\/v2\/pages"}],"about":[{"href":"https:\/\/travento.mx\/index.php\/wp-json\/wp\/v2\/types\/page"}],"author":[{"embeddable":true,"href":"https:\/\/travento.mx\/index.php\/wp-json\/wp\/v2\/users\/2"}],"replies":[{"embeddable":true,"href":"https:\/\/travento.mx\/index.php\/wp-json\/wp\/v2\/comments?post=523"}],"version-history":[{"count":13,"href":"https:\/\/travento.mx\/index.php\/wp-json\/wp\/v2\/pages\/523\/revisions"}],"predecessor-version":[{"id":2753,"href":"https:\/\/travento.mx\/index.php\/wp-json\/wp\/v2\/pages\/523\/revisions\/2753"}],"wp:attachment":[{"href":"https:\/\/travento.mx\/index.php\/wp-json\/wp\/v2\/media?parent=523"}],"curies":[{"name":"wp","href":"https:\/\/api.w.org\/{rel}","templated":true}]}}