{"id":70,"date":"2020-10-30T00:46:57","date_gmt":"2020-10-30T00:46:57","guid":{"rendered":"https:\/\/travento.mx\/?page_id=70"},"modified":"2023-08-18T01:40:19","modified_gmt":"2023-08-18T01:40:19","slug":"home","status":"publish","type":"page","link":"https:\/\/travento.mx\/","title":{"rendered":"Home"},"content":{"rendered":"\n<div class=\"wp-block-cover alignfull is-light\" style=\"min-height:100vh;aspect-ratio:unset;\"><span aria-hidden=\"true\" class=\"wp-block-cover__background has-background-dim\"><\/span><video class=\"wp-block-cover__video-background intrinsic-ignore\" autoplay muted loop playsinline src=\"https:\/\/travento.mx\/wp-content\/uploads\/2023\/08\/TRAVENTO-FULL-1.mp4\" data-object-fit=\"cover\"><\/video><div class=\"wp-block-cover__inner-container is-layout-flow wp-block-cover-is-layout-flow\"><div class=\"wp-block-image\">\n<figure class=\"aligncenter size-large\"><img loading=\"lazy\" decoding=\"async\" width=\"500\" height=\"500\" src=\"https:\/\/travento.mx\/wp-content\/uploads\/2021\/02\/travento-logo-white-01.png\" alt=\"\" class=\"wp-image-942\" srcset=\"https:\/\/travento.mx\/wp-content\/uploads\/2021\/02\/travento-logo-white-01.png 500w, https:\/\/travento.mx\/wp-content\/uploads\/2021\/02\/travento-logo-white-01-300x300.png 300w, https:\/\/travento.mx\/wp-content\/uploads\/2021\/02\/travento-logo-white-01-150x150.png 150w\" sizes=\"auto, (max-width: 500px) 100vw, 500px\" \/><\/figure>\n<\/div>\n\n\n<p class=\"has-text-align-center has-white-color has-text-color has-large-font-size\">El que viaja vive dos veces.<\/p>\n<\/div><\/div>\n\n\n\n<div style=\"height:75px\" aria-hidden=\"true\" class=\"wp-block-spacer\"><\/div>\n\n\n\n<div class=\"wp-block-columns is-layout-flex wp-container-core-columns-is-layout-9d6595d7 wp-block-columns-is-layout-flex\">\n<div class=\"wp-block-column is-layout-flow wp-block-column-is-layout-flow\" style=\"flex-basis:25%\"><\/div>\n\n\n\n<div class=\"wp-block-column is-layout-flow wp-block-column-is-layout-flow\" style=\"flex-basis:50%\">\n<img decoding=\"async\" style=\"display: block; margin-left: auto; margin-right: auto; width:33%;\" src=\"https:\/\/travento.mx\/wp-content\/uploads\/2020\/12\/logotipo_travento-01_transparente-1024x870.png\">\n\n\n\n<h2 class=\"wp-block-heading has-text-align-center\">Concepto Travento<\/h2>\n\n\n\n<hr style=\"width:70%; margin-left: auto; margin-right: auto;\">\n\n\n\n<p>Travento se caracteriza por una atenci\u00f3n personalizada dif\u00edcil de encontrar en otro lugar. Identificamos y materializamos el viaje ideal, algo que las simples reservas en internet no pueden proveer. La atenci\u00f3n humana y personalizada es nuestra piedra angular y nuestro distintivo.<\/p>\n\n\n\n<p>Tomamos la mejor opci\u00f3n para cada componente del viaje. Desde reserva de vuelos, hoteles, restaurantes, espect\u00e1culos y conciertos, hasta visitas a museos o la planeaci\u00f3n de una cena especial al otro lado del mundo.<\/p>\n\n\n\n<p>Lorena Ram\u00edrez, una apasionada del viajar, conoce de primera mano lo que recomienda. Su experiencia en destinos de los cinco continentes, es un distintivo como directora de Travento sobre otras opciones en asesor\u00eda y planeaci\u00f3n de viajes. Nacida en Guadalajara Jalisco el 21 de marzo.<\/p>\n\n\n\n<p>Otra de sus pasiones es la m\u00fasica, el cine, el arte y la naturaleza. En cada viaje que realiza disfruta mucho de la gastronom\u00eda t\u00edpica de cada pa\u00eds, los olores y sabores \u00fanicos de cada regi\u00f3n, as\u00ed como sumergirse entre los diferentes estilos de vida de cada cultura, en pocas palabras vivir al m\u00e1ximo la experiencia de viajar.<\/p>\n\n\n\n<p class=\"has-text-align-center\">.<\/p>\n\n\n\n<div class=\"wp-block-buttons is-horizontal is-content-justification-center is-layout-flex wp-container-core-buttons-is-layout-499968f5 wp-block-buttons-is-layout-flex\">\n<div class=\"wp-block-button\"><a class=\"wp-block-button__link wp-element-button\" href=\"https:\/\/travento.mx\/index.php\/concepto\/\" style=\"border-radius:5px\">Ver m\u00e1s<\/a><\/div>\n<\/div>\n<\/div>\n\n\n\n<div class=\"wp-block-column is-layout-flow wp-block-column-is-layout-flow\" style=\"flex-basis:25%\"><\/div>\n<\/div>\n\n\n\n<div style=\"height:75px\" aria-hidden=\"true\" class=\"wp-block-spacer\"><\/div>\n\n\n\n<h3 class=\"wp-block-heading has-text-align-center\">\u00bfA d\u00f3nde viajan tus sue\u00f1os?<\/h3>\n\n\n\n<div class=\"wp-block-columns is-layout-flex wp-container-core-columns-is-layout-9d6595d7 wp-block-columns-is-layout-flex\">\n<div class=\"wp-block-column is-layout-flow wp-block-column-is-layout-flow\" style=\"flex-basis:25%\"><\/div>\n\n\n\n<div class=\"wp-block-column is-layout-flow wp-block-column-is-layout-flow\" style=\"flex-basis:50%\">\n<p>Invertir en experiencias de viaje enriquece y transforma. Lo esencial de la vida se construye a base de momentos, an\u00e9cdotas, descubrimientos y recuerdos. Y viajar expande las posibilidades de crearlos.<\/p>\n\n\n\n<p>En Travento creemos en dise\u00f1ar las mejores experiencias que enriquezcan la vida del viajante.<\/p>\n\n\n\n<p>Viajar primero te deja sin palabras y luego te convierte en un narrador de experiencias.<\/p>\n<\/div>\n\n\n\n<div class=\"wp-block-column is-layout-flow wp-block-column-is-layout-flow\" style=\"flex-basis:25%\"><\/div>\n<\/div>\n\n\n\n<div style=\"max-width: 1280px; position: relative; width: 75%; overflow: hidden\" class=\"wp-block-interactive-geo-maps-display-map\"><div class=\"map_wrapper\" id=\"map_wrapper_810\">\n<div class=\"map_box\" style=\"max-width:2200px\">\n<div class=\"map_aspect_ratio\" style=\"padding-top:40%\" data-padding-top=\"40%\" data-padding-top-mobile=\"\">\n<div class=\"map_container\">\n<div class=\"map_render map_loading\" id=\"map_810\"><\/div>\n<\/div>\n<\/div>\n<\/div>\n<\/div><\/div>\n\n\n\n<div style=\"height:125px\" aria-hidden=\"true\" class=\"wp-block-spacer\"><\/div>\n\n\n\n<div class=\"wp-block-media-text alignfull is-stacked-on-mobile is-image-fill has-background\" style=\"background-color:#f3f3f3\"><figure class=\"wp-block-media-text__media\" style=\"background-image:url(https:\/\/travento.mx\/wp-content\/uploads\/2021\/03\/Home.jpg);background-position:50% 50%\"><img loading=\"lazy\" decoding=\"async\" width=\"1024\" height=\"400\" src=\"https:\/\/travento.mx\/wp-content\/uploads\/2021\/03\/Home.jpg\" alt=\"\" class=\"wp-image-948 size-full\" srcset=\"https:\/\/travento.mx\/wp-content\/uploads\/2021\/03\/Home.jpg 1024w, https:\/\/travento.mx\/wp-content\/uploads\/2021\/03\/Home-300x117.jpg 300w, https:\/\/travento.mx\/wp-content\/uploads\/2021\/03\/Home-768x300.jpg 768w, https:\/\/travento.mx\/wp-content\/uploads\/2021\/03\/Home-500x195.jpg 500w, https:\/\/travento.mx\/wp-content\/uploads\/2021\/03\/Home-800x313.jpg 800w\" sizes=\"auto, (max-width: 1024px) 100vw, 1024px\" \/><\/figure><div class=\"wp-block-media-text__content\">\n<div style=\"height:100px\" aria-hidden=\"true\" class=\"wp-block-spacer\"><\/div>\n\n\n\n<h3 class=\"wp-block-heading has-text-align-center\">Lunas de Miel<\/h3>\n\n\n\n<hr style=\"margin: 37px auto; width: 80%; border: 0; background-image: linear-gradient(to right, #f0f0f0, #808080, #f0f0f0);\">\n\n\n\n<p>La luna de miel, m\u00e1s que un evento especial, es un momento \u00fanico en la vida y como tal, debe ser dise\u00f1ado. Para cada pareja es necesario construir una experiencia a la medida y basada en sus personalidades, intereses y presupuesto.<\/p>\n\n\n\n<p>Para lograr la luna de miel perfecta, importa tanto la elecci\u00f3n del destino como los detalles y su cuidadosa planeaci\u00f3n. Cada actividad debe ser inolvidable, sea una visita por vi\u00f1edos, una caminata urbana o un paseo en globo.<\/p>\n\n\n\n<div class=\"wp-block-buttons is-horizontal is-content-justification-center is-layout-flex wp-container-core-buttons-is-layout-499968f5 wp-block-buttons-is-layout-flex\">\n<div class=\"wp-block-button is-style-outline is-style-outline--1\"><a class=\"wp-block-button__link wp-element-button\" href=\"https:\/\/travento.mx\/index.php\/luna\/\" style=\"border-radius:5px\">Ver m\u00e1s<\/a><\/div>\n<\/div>\n\n\n\n<div style=\"height:100px\" aria-hidden=\"true\" class=\"wp-block-spacer\"><\/div>\n<\/div><\/div>\n\n\n\n<div class=\"wp-block-media-text alignfull has-media-on-the-right is-stacked-on-mobile is-image-fill has-background\" style=\"background-color:#f3f3f3\"><div class=\"wp-block-media-text__content\">\n<div style=\"height:100px\" aria-hidden=\"true\" class=\"wp-block-spacer\"><\/div>\n\n\n\n<h3 class=\"wp-block-heading has-text-align-center\">Cruceros<\/h3>\n\n\n\n<hr style=\"margin: 37px auto; width: 80%; border: 0; background-image: linear-gradient(to right, #f0f0f0, #808080, #f0f0f0);\">\n\n\n\n<p>Los largos horarios de trabajo, las responsabilidades y la rutina diaria impiden encontrar tiempo para pasar con la familia. El momento de las vacaciones se convierte en la ocasi\u00f3n ideal para estrechar los lazos familiares y disfrutar con tus hijos \u00f3 en pareja.<\/p>\n\n\n\n<p>Por ello creemos que navegar en altamar te hace vivir un viaje de una manera muy diferente. Somos especialistas en cruceros alrededor del mundo, ya que representamos a las navieras m\u00e1s reconocidas, desde un barco innovador hasta un itinerario exclusivo.<\/p>\n\n\n\n<div class=\"wp-block-buttons is-horizontal is-content-justification-center is-layout-flex wp-container-core-buttons-is-layout-499968f5 wp-block-buttons-is-layout-flex\">\n<div class=\"wp-block-button is-style-outline is-style-outline--2\"><a class=\"wp-block-button__link wp-element-button\" href=\"https:\/\/travento.mx\/index.php\/cruceros\/\" style=\"border-radius:5px\">Ver m\u00e1s<\/a><\/div>\n<\/div>\n\n\n\n<div style=\"height:100px\" aria-hidden=\"true\" class=\"wp-block-spacer\"><\/div>\n<\/div><figure class=\"wp-block-media-text__media\" style=\"background-image:url(https:\/\/travento.mx\/wp-content\/uploads\/slider3\/cruise2-1024x682.jpeg);background-position:50% 50%\"><img loading=\"lazy\" decoding=\"async\" width=\"1024\" height=\"682\" src=\"https:\/\/travento.mx\/wp-content\/uploads\/slider3\/cruise2-1024x682.jpeg\" alt=\"\" class=\"wp-image-163 size-full\" srcset=\"https:\/\/travento.mx\/wp-content\/uploads\/slider3\/cruise2-1024x682.jpeg 1024w, https:\/\/travento.mx\/wp-content\/uploads\/slider3\/cruise2-300x200.jpeg 300w, https:\/\/travento.mx\/wp-content\/uploads\/slider3\/cruise2-768x511.jpeg 768w, https:\/\/travento.mx\/wp-content\/uploads\/slider3\/cruise2-1536x1023.jpeg 1536w, https:\/\/travento.mx\/wp-content\/uploads\/slider3\/cruise2-2048x1364.jpeg 2048w\" sizes=\"auto, (max-width: 1024px) 100vw, 1024px\" \/><\/figure><\/div>\n\n\n\n<div class=\"wp-block-media-text alignfull is-stacked-on-mobile is-image-fill has-background\" style=\"background-color:#f3f3f3\"><figure class=\"wp-block-media-text__media\" style=\"background-image:url(https:\/\/travento.mx\/wp-content\/uploads\/2021\/03\/home-1.jpg);background-position:50% 50%\"><img loading=\"lazy\" decoding=\"async\" width=\"1024\" height=\"400\" src=\"https:\/\/travento.mx\/wp-content\/uploads\/2021\/03\/home-1.jpg\" alt=\"\" class=\"wp-image-951 size-large\" srcset=\"https:\/\/travento.mx\/wp-content\/uploads\/2021\/03\/home-1.jpg 1024w, https:\/\/travento.mx\/wp-content\/uploads\/2021\/03\/home-1-300x117.jpg 300w, https:\/\/travento.mx\/wp-content\/uploads\/2021\/03\/home-1-768x300.jpg 768w, https:\/\/travento.mx\/wp-content\/uploads\/2021\/03\/home-1-500x195.jpg 500w, https:\/\/travento.mx\/wp-content\/uploads\/2021\/03\/home-1-800x313.jpg 800w\" sizes=\"auto, (max-width: 1024px) 100vw, 1024px\" \/><\/figure><div class=\"wp-block-media-text__content\">\n<div style=\"height:75px\" aria-hidden=\"true\" class=\"wp-block-spacer\"><\/div>\n\n\n\n<h3 class=\"wp-block-heading has-text-align-center\">Nuestro Equipo<\/h3>\n\n\n\n<hr style=\"margin: 37px auto; width: 80%; border: 0; background-image: linear-gradient(to right, #f0f0f0, #808080, #f0f0f0);\">\n\n\n\n<p class=\"has-text-align-center\">Travento Viajes se conforma de consejeros apasionados por el servicio al cliente. Cuentan con la experiencia requerida para dise\u00f1ar la mejor log\u00edstica en tu viaje.<\/p>\n\n\n\n<div class=\"wp-block-buttons is-horizontal is-content-justification-center is-layout-flex wp-container-core-buttons-is-layout-499968f5 wp-block-buttons-is-layout-flex\">\n<div class=\"wp-block-button is-style-outline is-style-outline--3\"><a class=\"wp-block-button__link wp-element-button\" href=\"https:\/\/travento.mx\/index.php\/equipo\/\" style=\"border-radius:5px\">Ver m\u00e1s<\/a><\/div>\n<\/div>\n\n\n\n<div style=\"height:75px\" aria-hidden=\"true\" class=\"wp-block-spacer\"><\/div>\n<\/div><\/div>\n\n\n\n<div class=\"wp-block-media-text alignfull has-media-on-the-right is-stacked-on-mobile is-image-fill has-background\" style=\"background-color:#f3f3f3\"><div class=\"wp-block-media-text__content\">\n<div style=\"height:100px\" aria-hidden=\"true\" class=\"wp-block-spacer\"><\/div>\n\n\n\n<h3 class=\"wp-block-heading has-text-align-center\">Nuestros Beneficios<\/h3>\n\n\n\n<hr style=\"margin: 37px auto; width: 80%; border: 0; background-image: linear-gradient(to right, #f0f0f0, #808080, #f0f0f0);\">\n\n\n\n<p>Adem\u00e1s de nuestra consultor\u00eda especializada, formamos parte Traveller Made, una red de negocios enfocada al turismo de lujo, y al pertenecer a esta afiliaci\u00f3n obtenemos beneficios y amenidades exclusivas para llevar tu experiencia de viaje a otro nivel.<\/p>\n\n\n\n<div class=\"wp-block-buttons is-horizontal is-content-justification-center is-layout-flex wp-container-core-buttons-is-layout-499968f5 wp-block-buttons-is-layout-flex\">\n<div class=\"wp-block-button is-style-outline is-style-outline--4\"><a class=\"wp-block-button__link wp-element-button\" href=\"https:\/\/travento.mx\/index.php\/beneficios\/\" style=\"border-radius:5px\">Ver m\u00e1s<\/a><\/div>\n<\/div>\n\n\n\n<div style=\"height:100px\" aria-hidden=\"true\" class=\"wp-block-spacer\"><\/div>\n<\/div><figure class=\"wp-block-media-text__media\" style=\"background-image:url(https:\/\/travento.mx\/wp-content\/uploads\/2021\/03\/home-2.jpg);background-position:50% 50%\"><img loading=\"lazy\" decoding=\"async\" width=\"1024\" height=\"400\" src=\"https:\/\/travento.mx\/wp-content\/uploads\/2021\/03\/home-2.jpg\" alt=\"\" class=\"wp-image-953 size-large\" srcset=\"https:\/\/travento.mx\/wp-content\/uploads\/2021\/03\/home-2.jpg 1024w, https:\/\/travento.mx\/wp-content\/uploads\/2021\/03\/home-2-300x117.jpg 300w, https:\/\/travento.mx\/wp-content\/uploads\/2021\/03\/home-2-768x300.jpg 768w, https:\/\/travento.mx\/wp-content\/uploads\/2021\/03\/home-2-500x195.jpg 500w, https:\/\/travento.mx\/wp-content\/uploads\/2021\/03\/home-2-800x313.jpg 800w\" sizes=\"auto, (max-width: 1024px) 100vw, 1024px\" \/><\/figure><\/div>\n\n\n\n<div style=\"height:70px\" aria-hidden=\"true\" class=\"wp-block-spacer\"><\/div>\n\n\n\n<div style=\"height:100px\" aria-hidden=\"true\" class=\"wp-block-spacer\"><\/div>\n\n\n\n<div class=\"wp-block-columns is-layout-flex wp-container-core-columns-is-layout-9d6595d7 wp-block-columns-is-layout-flex\">\n<div class=\"wp-block-column is-layout-flow wp-block-column-is-layout-flow\" style=\"flex-basis:20%\"><\/div>\n\n\n\n<div class=\"wp-block-column is-layout-flow wp-block-column-is-layout-flow\" style=\"flex-basis:60%\">\n<p class=\"has-text-align-center\">Iniciemos la mejor experiencia en tu viaje, ponte en contacto con nosotros y hagamos este momento inolvidable.<\/p>\n\n\n\n<div class=\"wp-block-buttons is-horizontal is-content-justification-center is-layout-flex wp-container-core-buttons-is-layout-499968f5 wp-block-buttons-is-layout-flex\">\n<div class=\"wp-block-button\"><a class=\"wp-block-button__link wp-element-button\" href=\"https:\/\/travento.mx\/index.php\/contacto\/\" style=\"border-radius:5px\">Contacto<\/a><\/div>\n<\/div>\n<\/div>\n\n\n\n<div class=\"wp-block-column is-layout-flow wp-block-column-is-layout-flow\" style=\"flex-basis:20%\"><\/div>\n<\/div>\n\n\n\n<div style=\"height:100px\" aria-hidden=\"true\" class=\"wp-block-spacer\"><\/div>\n\n\n\n<!--Temp: Definir servicio de Newsletter-->\n<a href=\"https:\/\/travento.mx\/index.php\/alta-newsletter\/\"><p style=\"position: fixed; top: 150px; left: -5px; background-color: #545859; color: #fff; border-radius: 0 7px 7px 0; text-align: center; box-shadow: 2px 2px 3px #999; padding: 18px; z-index: 1000;\"><b>Newsletter<\/b><\/p><\/a>\n","protected":false},"excerpt":{"rendered":"<p>Concepto Travento Travento se caracteriza por una atenci\u00f3n personalizada dif\u00edcil de encontrar en otro lugar. Identificamos y materializamos el viaje ideal, algo que las simples&hellip;<\/p>\n","protected":false},"author":2,"featured_media":0,"parent":0,"menu_order":0,"comment_status":"closed","ping_status":"closed","template":"","meta":{"footnotes":""},"class_list":["post-70","page","type-page","status-publish","hentry"],"_links":{"self":[{"href":"https:\/\/travento.mx\/index.php\/wp-json\/wp\/v2\/pages\/70","targetHints":{"allow":["GET"]}}],"collection":[{"href":"https:\/\/travento.mx\/index.php\/wp-json\/wp\/v2\/pages"}],"about":[{"href":"https:\/\/travento.mx\/index.php\/wp-json\/wp\/v2\/types\/page"}],"author":[{"embeddable":true,"href":"https:\/\/travento.mx\/index.php\/wp-json\/wp\/v2\/users\/2"}],"replies":[{"embeddable":true,"href":"https:\/\/travento.mx\/index.php\/wp-json\/wp\/v2\/comments?post=70"}],"version-history":[{"count":237,"href":"https:\/\/travento.mx\/index.php\/wp-json\/wp\/v2\/pages\/70\/revisions"}],"predecessor-version":[{"id":1591,"href":"https:\/\/travento.mx\/index.php\/wp-json\/wp\/v2\/pages\/70\/revisions\/1591"}],"wp:attachment":[{"href":"https:\/\/travento.mx\/index.php\/wp-json\/wp\/v2\/media?parent=70"}],"curies":[{"name":"wp","href":"https:\/\/api.w.org\/{rel}","templated":true}]}}