{"id":817,"date":"2021-02-08T20:07:55","date_gmt":"2021-02-08T20:07:55","guid":{"rendered":"https:\/\/travento.mx\/?page_id=817"},"modified":"2023-11-24T04:39:43","modified_gmt":"2023-11-24T04:39:43","slug":"destino-oriente-medio","status":"publish","type":"page","link":"https:\/\/travento.mx\/index.php\/destino-oriente-medio\/","title":{"rendered":"Destino Oriente Medio"},"content":{"rendered":"\n<div class=\"wp-block-nk-awb nk-awb alignfull\"><div class=\"nk-awb-wrap\" data-awb-type=\"image\" data-awb-parallax=\"scroll\" data-awb-parallax-speed=\"0.5\" data-awb-parallax-mobile=\"false\" data-awb-image-background-size=\"cover\" data-awb-image-background-position=\"50% 50%\"><div class=\"nk-awb-inner\"><img loading=\"lazy\" decoding=\"async\" src=\"https:\/\/travento.mx\/wp-content\/uploads\/2023\/10\/mediooriente-1.jpg\" class=\"wp-image-1616 jarallax-img\" width=\"2500\" height=\"1664\" srcset=\"https:\/\/travento.mx\/wp-content\/uploads\/2023\/10\/mediooriente-1.jpg 2500w, https:\/\/travento.mx\/wp-content\/uploads\/2023\/10\/mediooriente-1-300x200.jpg 300w, https:\/\/travento.mx\/wp-content\/uploads\/2023\/10\/mediooriente-1-1024x682.jpg 1024w, https:\/\/travento.mx\/wp-content\/uploads\/2023\/10\/mediooriente-1-768x511.jpg 768w, https:\/\/travento.mx\/wp-content\/uploads\/2023\/10\/mediooriente-1-1536x1022.jpg 1536w, https:\/\/travento.mx\/wp-content\/uploads\/2023\/10\/mediooriente-1-2048x1363.jpg 2048w, https:\/\/travento.mx\/wp-content\/uploads\/2023\/10\/mediooriente-1-500x333.jpg 500w, https:\/\/travento.mx\/wp-content\/uploads\/2023\/10\/mediooriente-1-800x532.jpg 800w, https:\/\/travento.mx\/wp-content\/uploads\/2023\/10\/mediooriente-1-1280x852.jpg 1280w, https:\/\/travento.mx\/wp-content\/uploads\/2023\/10\/mediooriente-1-1920x1278.jpg 1920w\" sizes=\"auto, (max-width: 2500px) 100vw, 2500px\" \/><\/div><\/div><div class=\"nk-awb-wrap-content is-layout-constrained wp-block-nk-awb-is-layout-constrained\">\n<div style=\"height:200px\" aria-hidden=\"true\" class=\"wp-block-spacer\"><\/div>\n\n\n\n<h1 class=\"wp-block-heading has-text-align-center\" style=\"font-size:80px\"><span style=\"background-color:rgba(0, 0, 0, 0)\" class=\"has-inline-color has-white-color\"><strong>Medio Oriente<\/strong><\/span><\/h1>\n\n\n\n<div style=\"height:200px\" aria-hidden=\"true\" class=\"wp-block-spacer\"><\/div>\n<\/div><\/div>\n\n\n\n<div style=\"height:25px\" aria-hidden=\"true\" class=\"wp-block-spacer\"><\/div>\n\n\n\n<h2 class=\"wp-block-heading\">Visita el Medio Oriente con Travento<\/h2>\n\n\n\n<p>Conozca las rutas de los grandes comerciantes de la antig\u00fcedad ya que esta regi\u00f3n hist\u00f3rica es a\u00fan el cruce de varias v\u00edas de comunicaci\u00f3n entre Europa y Asia, esto la transform\u00f3 en la cuna de m\u00faltiples culturas y civilizaciones y un territorio f\u00e9rtil para el intercambio de arte, ciencia, politica y religion, sin dejar de mencionar las guerras e invasiones. Comprende la pen\u00ednsula ar\u00e1biga, Mesopotamia y Palestina; dichos territorios son ocupados hoy en d\u00eda por los estados Arabia Saudita, Jordania, L\u00edbano, Siria, Irak y por el territorio de Israel. A su vez, en t\u00e9rminos hist\u00f3ricos, estas regiones est\u00e1n en \u00edntima relaci\u00f3n con el valle del Nilo (ocupado por el actual Egipto), la pen\u00ednsula de Anatolia (hoy Turqu\u00eda) y los Montes Zagros ( Ir\u00e1n).<\/p>\n\n\n\n<h3 class=\"wp-block-heading has-text-align-center\">Jordania<\/h3>\n\n\n\n<div class=\"wp-block-columns is-layout-flex wp-container-core-columns-is-layout-9d6595d7 wp-block-columns-is-layout-flex\">\n<div class=\"wp-block-column is-layout-flow wp-block-column-is-layout-flow\">\n<figure class=\"wp-block-image size-large\"><a href=\"https:\/\/travento.mx\/index.php\/destino-oriente-medio\/destino-oriente-medio-petra\/\"><img loading=\"lazy\" decoding=\"async\" width=\"1024\" height=\"683\" src=\"https:\/\/travento.mx\/wp-content\/uploads\/2023\/11\/Petra-1024x683.jpg\" alt=\"\" class=\"wp-image-2419\" srcset=\"https:\/\/travento.mx\/wp-content\/uploads\/2023\/11\/Petra-1024x683.jpg 1024w, https:\/\/travento.mx\/wp-content\/uploads\/2023\/11\/Petra-300x200.jpg 300w, https:\/\/travento.mx\/wp-content\/uploads\/2023\/11\/Petra-768x512.jpg 768w, https:\/\/travento.mx\/wp-content\/uploads\/2023\/11\/Petra-500x333.jpg 500w, https:\/\/travento.mx\/wp-content\/uploads\/2023\/11\/Petra-800x533.jpg 800w, https:\/\/travento.mx\/wp-content\/uploads\/2023\/11\/Petra-1280x853.jpg 1280w, https:\/\/travento.mx\/wp-content\/uploads\/2023\/11\/Petra.jpg 1500w\" sizes=\"auto, (max-width: 1024px) 100vw, 1024px\" \/><\/a><figcaption class=\"wp-element-caption\">Petra<\/figcaption><\/figure>\n<\/div>\n\n\n\n<div class=\"wp-block-column is-layout-flow wp-block-column-is-layout-flow\">\n<figure class=\"wp-block-image size-large\"><a href=\"https:\/\/travento.mx\/index.php\/destino-oriente-medio\/destino-oriente-medio-mar-muerto\/\"><img loading=\"lazy\" decoding=\"async\" width=\"1024\" height=\"683\" src=\"https:\/\/travento.mx\/wp-content\/uploads\/2023\/11\/MarMuerto-1024x683.jpg\" alt=\"\" class=\"wp-image-2431\" srcset=\"https:\/\/travento.mx\/wp-content\/uploads\/2023\/11\/MarMuerto-1024x683.jpg 1024w, https:\/\/travento.mx\/wp-content\/uploads\/2023\/11\/MarMuerto-300x200.jpg 300w, https:\/\/travento.mx\/wp-content\/uploads\/2023\/11\/MarMuerto-768x512.jpg 768w, https:\/\/travento.mx\/wp-content\/uploads\/2023\/11\/MarMuerto-500x333.jpg 500w, https:\/\/travento.mx\/wp-content\/uploads\/2023\/11\/MarMuerto-800x533.jpg 800w, https:\/\/travento.mx\/wp-content\/uploads\/2023\/11\/MarMuerto-1280x853.jpg 1280w, https:\/\/travento.mx\/wp-content\/uploads\/2023\/11\/MarMuerto.jpg 1500w\" sizes=\"auto, (max-width: 1024px) 100vw, 1024px\" \/><\/a><figcaption class=\"wp-element-caption\">Mar Muerto<\/figcaption><\/figure>\n<\/div>\n<\/div>\n\n\n\n<h3 class=\"wp-block-heading has-text-align-center\">Israel<\/h3>\n\n\n\n<div class=\"wp-block-columns is-layout-flex wp-container-core-columns-is-layout-9d6595d7 wp-block-columns-is-layout-flex\">\n<div class=\"wp-block-column is-layout-flow wp-block-column-is-layout-flow\">\n<figure class=\"wp-block-image size-large\"><a href=\"https:\/\/travento.mx\/index.php\/destino-oriente-medio\/destino-oriente-medio-jerusalem\/\"><img loading=\"lazy\" decoding=\"async\" width=\"1024\" height=\"683\" src=\"https:\/\/travento.mx\/wp-content\/uploads\/2023\/11\/Jerusalem-1024x683.jpg\" alt=\"\" class=\"wp-image-2436\" srcset=\"https:\/\/travento.mx\/wp-content\/uploads\/2023\/11\/Jerusalem-1024x683.jpg 1024w, https:\/\/travento.mx\/wp-content\/uploads\/2023\/11\/Jerusalem-300x200.jpg 300w, https:\/\/travento.mx\/wp-content\/uploads\/2023\/11\/Jerusalem-768x512.jpg 768w, https:\/\/travento.mx\/wp-content\/uploads\/2023\/11\/Jerusalem-500x333.jpg 500w, https:\/\/travento.mx\/wp-content\/uploads\/2023\/11\/Jerusalem-800x533.jpg 800w, https:\/\/travento.mx\/wp-content\/uploads\/2023\/11\/Jerusalem-1280x853.jpg 1280w, https:\/\/travento.mx\/wp-content\/uploads\/2023\/11\/Jerusalem.jpg 1500w\" sizes=\"auto, (max-width: 1024px) 100vw, 1024px\" \/><\/a><figcaption class=\"wp-element-caption\">Jerusalem<\/figcaption><\/figure>\n<\/div>\n\n\n\n<div class=\"wp-block-column is-layout-flow wp-block-column-is-layout-flow\">\n<figure class=\"wp-block-image size-large\"><a href=\"https:\/\/travento.mx\/index.php\/destino-oriente-medio\/destino-oriente-medio-tel-aviv\/\"><img loading=\"lazy\" decoding=\"async\" width=\"1024\" height=\"683\" src=\"https:\/\/travento.mx\/wp-content\/uploads\/2023\/11\/telaviv-1024x683.jpg\" alt=\"\" class=\"wp-image-2445\" srcset=\"https:\/\/travento.mx\/wp-content\/uploads\/2023\/11\/telaviv-1024x683.jpg 1024w, https:\/\/travento.mx\/wp-content\/uploads\/2023\/11\/telaviv-300x200.jpg 300w, https:\/\/travento.mx\/wp-content\/uploads\/2023\/11\/telaviv-768x512.jpg 768w, https:\/\/travento.mx\/wp-content\/uploads\/2023\/11\/telaviv-500x333.jpg 500w, https:\/\/travento.mx\/wp-content\/uploads\/2023\/11\/telaviv-800x533.jpg 800w, https:\/\/travento.mx\/wp-content\/uploads\/2023\/11\/telaviv-1280x853.jpg 1280w, https:\/\/travento.mx\/wp-content\/uploads\/2023\/11\/telaviv.jpg 1500w\" sizes=\"auto, (max-width: 1024px) 100vw, 1024px\" \/><\/a><figcaption class=\"wp-element-caption\">Tel Aviv<\/figcaption><\/figure>\n<\/div>\n<\/div>\n\n\n\n<h3 class=\"wp-block-heading has-text-align-center\">Turqu\u00eda<\/h3>\n\n\n\n<div class=\"wp-block-columns is-layout-flex wp-container-core-columns-is-layout-9d6595d7 wp-block-columns-is-layout-flex\">\n<div class=\"wp-block-column is-layout-flow wp-block-column-is-layout-flow\">\n<figure class=\"wp-block-image size-large\"><a href=\"https:\/\/travento.mx\/index.php\/destino-oriente-medio\/destino-oriente-medio-estambul\/\"><img loading=\"lazy\" decoding=\"async\" width=\"1024\" height=\"683\" src=\"https:\/\/travento.mx\/wp-content\/uploads\/2023\/11\/Estambul-1024x683.jpg\" alt=\"\" class=\"wp-image-2452\" srcset=\"https:\/\/travento.mx\/wp-content\/uploads\/2023\/11\/Estambul-1024x683.jpg 1024w, https:\/\/travento.mx\/wp-content\/uploads\/2023\/11\/Estambul-300x200.jpg 300w, https:\/\/travento.mx\/wp-content\/uploads\/2023\/11\/Estambul-768x512.jpg 768w, https:\/\/travento.mx\/wp-content\/uploads\/2023\/11\/Estambul-500x333.jpg 500w, https:\/\/travento.mx\/wp-content\/uploads\/2023\/11\/Estambul-800x533.jpg 800w, https:\/\/travento.mx\/wp-content\/uploads\/2023\/11\/Estambul-1280x853.jpg 1280w, https:\/\/travento.mx\/wp-content\/uploads\/2023\/11\/Estambul.jpg 1500w\" sizes=\"auto, (max-width: 1024px) 100vw, 1024px\" \/><\/a><figcaption class=\"wp-element-caption\">Estambul<\/figcaption><\/figure>\n<\/div>\n\n\n\n<div class=\"wp-block-column is-layout-flow wp-block-column-is-layout-flow\">\n<figure class=\"wp-block-image size-large\"><a href=\"https:\/\/travento.mx\/index.php\/destino-oriente-medio\/destino-oriente-medio-capadoccia\/\"><img loading=\"lazy\" decoding=\"async\" width=\"1024\" height=\"683\" src=\"https:\/\/travento.mx\/wp-content\/uploads\/2023\/11\/Cappadocia-1024x683.jpg\" alt=\"\" class=\"wp-image-2460\" srcset=\"https:\/\/travento.mx\/wp-content\/uploads\/2023\/11\/Cappadocia-1024x683.jpg 1024w, https:\/\/travento.mx\/wp-content\/uploads\/2023\/11\/Cappadocia-300x200.jpg 300w, https:\/\/travento.mx\/wp-content\/uploads\/2023\/11\/Cappadocia-768x513.jpg 768w, https:\/\/travento.mx\/wp-content\/uploads\/2023\/11\/Cappadocia-500x334.jpg 500w, https:\/\/travento.mx\/wp-content\/uploads\/2023\/11\/Cappadocia-800x534.jpg 800w, https:\/\/travento.mx\/wp-content\/uploads\/2023\/11\/Cappadocia-1280x854.jpg 1280w, https:\/\/travento.mx\/wp-content\/uploads\/2023\/11\/Cappadocia.jpg 1500w\" sizes=\"auto, (max-width: 1024px) 100vw, 1024px\" \/><\/a><figcaption class=\"wp-element-caption\">Cappadocia<\/figcaption><\/figure>\n<\/div>\n<\/div>\n\n\n\n<h3 class=\"wp-block-heading has-text-align-center\">UAE<\/h3>\n\n\n\n<div class=\"wp-block-columns is-layout-flex wp-container-core-columns-is-layout-9d6595d7 wp-block-columns-is-layout-flex\">\n<div class=\"wp-block-column is-layout-flow wp-block-column-is-layout-flow\">\n<figure class=\"wp-block-image size-large\"><a href=\"https:\/\/travento.mx\/index.php\/destino-oriente-medio\/destino-oriente-medio-dubai\/\"><img loading=\"lazy\" decoding=\"async\" width=\"1024\" height=\"683\" src=\"https:\/\/travento.mx\/wp-content\/uploads\/2023\/11\/Dubai-1024x683.jpg\" alt=\"\" class=\"wp-image-2467\" srcset=\"https:\/\/travento.mx\/wp-content\/uploads\/2023\/11\/Dubai-1024x683.jpg 1024w, https:\/\/travento.mx\/wp-content\/uploads\/2023\/11\/Dubai-300x200.jpg 300w, https:\/\/travento.mx\/wp-content\/uploads\/2023\/11\/Dubai-768x512.jpg 768w, https:\/\/travento.mx\/wp-content\/uploads\/2023\/11\/Dubai-500x333.jpg 500w, https:\/\/travento.mx\/wp-content\/uploads\/2023\/11\/Dubai-800x533.jpg 800w, https:\/\/travento.mx\/wp-content\/uploads\/2023\/11\/Dubai-1280x853.jpg 1280w, https:\/\/travento.mx\/wp-content\/uploads\/2023\/11\/Dubai.jpg 1500w\" sizes=\"auto, (max-width: 1024px) 100vw, 1024px\" \/><\/a><figcaption class=\"wp-element-caption\">Dubai<\/figcaption><\/figure>\n<\/div>\n\n\n\n<div class=\"wp-block-column is-layout-flow wp-block-column-is-layout-flow\">\n<figure class=\"wp-block-image size-large\"><a href=\"https:\/\/travento.mx\/index.php\/destino-oriente-medio\/destino-oriente-medio-abu-dhabi\/\"><img loading=\"lazy\" decoding=\"async\" width=\"1024\" height=\"683\" src=\"https:\/\/travento.mx\/wp-content\/uploads\/2023\/11\/AbuDhabi-1-1024x683.jpg\" alt=\"\" class=\"wp-image-2478\" srcset=\"https:\/\/travento.mx\/wp-content\/uploads\/2023\/11\/AbuDhabi-1-1024x683.jpg 1024w, https:\/\/travento.mx\/wp-content\/uploads\/2023\/11\/AbuDhabi-1-300x200.jpg 300w, https:\/\/travento.mx\/wp-content\/uploads\/2023\/11\/AbuDhabi-1-768x512.jpg 768w, https:\/\/travento.mx\/wp-content\/uploads\/2023\/11\/AbuDhabi-1-500x333.jpg 500w, https:\/\/travento.mx\/wp-content\/uploads\/2023\/11\/AbuDhabi-1-800x533.jpg 800w, https:\/\/travento.mx\/wp-content\/uploads\/2023\/11\/AbuDhabi-1-1280x853.jpg 1280w, https:\/\/travento.mx\/wp-content\/uploads\/2023\/11\/AbuDhabi-1.jpg 1500w\" sizes=\"auto, (max-width: 1024px) 100vw, 1024px\" \/><\/a><figcaption class=\"wp-element-caption\">Abu Dhabi<\/figcaption><\/figure>\n<\/div>\n<\/div>\n\n\n\n<p><\/p>\n","protected":false},"excerpt":{"rendered":"<p>Visita el Medio Oriente con Travento Conozca las rutas de los grandes comerciantes de la antig\u00fcedad ya que esta regi\u00f3n hist\u00f3rica es a\u00fan el cruce&hellip;<\/p>\n","protected":false},"author":2,"featured_media":0,"parent":0,"menu_order":0,"comment_status":"closed","ping_status":"closed","template":"","meta":{"footnotes":""},"class_list":["post-817","page","type-page","status-publish","hentry"],"_links":{"self":[{"href":"https:\/\/travento.mx\/index.php\/wp-json\/wp\/v2\/pages\/817","targetHints":{"allow":["GET"]}}],"collection":[{"href":"https:\/\/travento.mx\/index.php\/wp-json\/wp\/v2\/pages"}],"about":[{"href":"https:\/\/travento.mx\/index.php\/wp-json\/wp\/v2\/types\/page"}],"author":[{"embeddable":true,"href":"https:\/\/travento.mx\/index.php\/wp-json\/wp\/v2\/users\/2"}],"replies":[{"embeddable":true,"href":"https:\/\/travento.mx\/index.php\/wp-json\/wp\/v2\/comments?post=817"}],"version-history":[{"count":14,"href":"https:\/\/travento.mx\/index.php\/wp-json\/wp\/v2\/pages\/817\/revisions"}],"predecessor-version":[{"id":2479,"href":"https:\/\/travento.mx\/index.php\/wp-json\/wp\/v2\/pages\/817\/revisions\/2479"}],"wp:attachment":[{"href":"https:\/\/travento.mx\/index.php\/wp-json\/wp\/v2\/media?parent=817"}],"curies":[{"name":"wp","href":"https:\/\/api.w.org\/{rel}","templated":true}]}}