{"id":894,"date":"2021-02-08T21:44:39","date_gmt":"2021-02-08T21:44:39","guid":{"rendered":"https:\/\/travento.mx\/?page_id=894"},"modified":"2023-11-24T05:36:01","modified_gmt":"2023-11-24T05:36:01","slug":"destino-sudamerica-calafate","status":"publish","type":"page","link":"https:\/\/travento.mx\/index.php\/destino-sudamerica\/destino-sudamerica-calafate\/","title":{"rendered":"Destino &#8220;Sudam\u00e9rica &#8211; Calafate&#8221;"},"content":{"rendered":"\n<div style=\"height:31px\" aria-hidden=\"true\" class=\"wp-block-spacer\"><\/div>\n\n\n\n<div class=\"wp-block-nk-awb nk-awb alignfull\"><div class=\"nk-awb-wrap\" data-awb-type=\"image\" data-awb-parallax=\"scroll\" data-awb-parallax-speed=\"0.5\" data-awb-parallax-mobile=\"false\" data-awb-image-background-size=\"cover\" data-awb-image-background-position=\"50% 50%\"><div class=\"nk-awb-inner\"><img loading=\"lazy\" decoding=\"async\" src=\"https:\/\/travento.mx\/wp-content\/uploads\/2023\/11\/Calafate.jpg\" class=\"wp-image-2573 jarallax-img\" width=\"1500\" height=\"1000\" srcset=\"https:\/\/travento.mx\/wp-content\/uploads\/2023\/11\/Calafate.jpg 1500w, https:\/\/travento.mx\/wp-content\/uploads\/2023\/11\/Calafate-300x200.jpg 300w, https:\/\/travento.mx\/wp-content\/uploads\/2023\/11\/Calafate-1024x683.jpg 1024w, https:\/\/travento.mx\/wp-content\/uploads\/2023\/11\/Calafate-768x512.jpg 768w, https:\/\/travento.mx\/wp-content\/uploads\/2023\/11\/Calafate-500x333.jpg 500w, https:\/\/travento.mx\/wp-content\/uploads\/2023\/11\/Calafate-800x533.jpg 800w, https:\/\/travento.mx\/wp-content\/uploads\/2023\/11\/Calafate-1280x853.jpg 1280w\" sizes=\"auto, (max-width: 1500px) 100vw, 1500px\" \/><\/div><\/div><div class=\"nk-awb-wrap-content is-layout-constrained wp-block-nk-awb-is-layout-constrained\">\n<div style=\"height:200px\" aria-hidden=\"true\" class=\"wp-block-spacer\"><\/div>\n\n\n\n<h2 class=\"wp-block-heading has-text-align-center\" style=\"font-size:80px\"><span style=\"background-color:rgba(0, 0, 0, 0)\" class=\"has-inline-color has-white-color\"><strong>Calafate<\/strong><\/span><\/h2>\n\n\n\n<div style=\"height:200px\" aria-hidden=\"true\" class=\"wp-block-spacer\"><\/div>\n<\/div><\/div>\n\n\n\n<div style=\"height:25px\" aria-hidden=\"true\" class=\"wp-block-spacer\"><\/div>\n\n\n\n<h2 class=\"wp-block-heading\">Visita Calafate con Travento<\/h2>\n\n\n\n<p>Ponte los grampones y camina hasta el coraz\u00f3n del Perito Moreno. Grietas de cuarenta a cincuenta metros de profundidad, cuevas, precipicios y sumideros con bocas hacia el vac\u00edo, desaf\u00edan el temperamento del viajero m\u00e1s aventurero. Rodeado de lagos y glaciares, El Calafate es un refugio \u00fanico en el conf\u00edn de la Patagonia. Saborea un whisky con hielo del glaciar mientras escuchas el viento del sur coquetear con las diversas formaciones de la masa de hielo. Cruza la cordillera de los Andes para descubrir el secreto mejor guardado de Sudam\u00e9rica, Torres del Paine (Chile) y explora los inconfundibles glaciares en forma de cuernos y torres. Camina la capital nacional de trekking, El Chalt\u00e9n (puerta de entrada a los Hielos Continentales) y toma la siesta alrededor de la Laguna de los Tres mientras ves elevarse ante tus ojos, el fabuloso Cerro Fitz Roy.<\/p>\n\n\n<script type=\"text\/javascript\">\r\ndocument.addEventListener(\"DOMContentLoaded\", function(event) { \r\n\tjQuery( '#slider-pro-3-2574' ).sliderPro({\r\n\t\t\/\/width\r\n\t\t\t\twidth: 1000,\r\n\t\t\t\t\r\n\t\t\/\/height\r\n\t\t\t\theight: 500,\r\n\t\t\t\t\r\n\t\t\/\/auto play\r\n\t\t\t\tautoplay:  true,\r\n\t\tautoplayOnHover: 'none',\r\n\t\t\t\t\t\t\t\tautoplayDelay: 5000,\r\n\t\t\r\n\t\t\r\n\t\tarrows: true,\r\n\t\tbuttons: true,\r\n\t\tsmallSize: 500,\r\n\t\tmediumSize: 1000,\r\n\t\tlargeSize: 3000,\r\n\t\tfade: true,\r\n\t\t\r\n\t\t\/\/thumbnail\r\n\t\tthumbnailArrows: true,\r\n\t\tthumbnailWidth: 120,\r\n\t\tthumbnailHeight: 120,\r\n\t\t\t\t\t\tthumbnailsPosition: 'bottom',\r\n\t\t\t\t\t\tcenterImage: true,\r\n\t\timageScaleMode: 'cover',\r\n\t\tallowScaleUp: true,\r\n\t\t\t\tstartSlide: 0,\r\n\t\tloop: true,\r\n\t\tslideDistance: 5,\r\n\t\tautoplayDirection: 'normal',\r\n\t\ttouchSwipe: true,\r\n\t\tfullScreen: true,\r\n\t});\r\n});\r\n<\/script>\r\n\r\n<div id=\"uris-slider-title\">\r\n\t<h3 class=\"uris-slider-post-title\">Calafate<\/h3>\r\n<\/div>\r\n\t\t<div id=\"slider-pro-3-2574\" class=\"slider-pro\">\r\n\t\t\t<!---- slides div start ---->\r\n\t\t\t<div class=\"sp-slides\">\r\n\t\t\t\t\t\t\t\t\t\t<div class=\"sp-slide\">\r\n\t\t\t\t\t\t\t<img decoding=\"async\" class=\"sp-image\" loading=\"lazy\" alt=\"luuk-wouters-o3L6pCKwgJY-unsplash\" src=\"https:\/\/travento.mx\/wp-content\/plugins\/ultimate-responsive-image-slider\/assets\/css\/images\/blank.gif\" data-src=\"https:\/\/travento.mx\/wp-content\/uploads\/2023\/11\/luuk-wouters-o3L6pCKwgJY-unsplash.jpg\" \/>\r\n\r\n\t\t\t\t\t\t\t\r\n\t\t\t\t\t\t\t\t\t\t\t\t\t<\/div>\r\n\t\t\t\t\t\t\t\t\t\t\t\t<div class=\"sp-slide\">\r\n\t\t\t\t\t\t\t<img decoding=\"async\" class=\"sp-image\" loading=\"lazy\" alt=\"luiza-braun-ntXf7pe5utQ-unsplash\" src=\"https:\/\/travento.mx\/wp-content\/plugins\/ultimate-responsive-image-slider\/assets\/css\/images\/blank.gif\" data-src=\"https:\/\/travento.mx\/wp-content\/uploads\/2023\/11\/luiza-braun-ntXf7pe5utQ-unsplash.jpg\" \/>\r\n\r\n\t\t\t\t\t\t\t\r\n\t\t\t\t\t\t\t\t\t\t\t\t\t<\/div>\r\n\t\t\t\t\t\t\t\t\t\t\t\t<div class=\"sp-slide\">\r\n\t\t\t\t\t\t\t<img decoding=\"async\" class=\"sp-image\" loading=\"lazy\" alt=\"miguel-mansilla-cdZh5dQ-muE-unsplash\" src=\"https:\/\/travento.mx\/wp-content\/plugins\/ultimate-responsive-image-slider\/assets\/css\/images\/blank.gif\" data-src=\"https:\/\/travento.mx\/wp-content\/uploads\/2023\/11\/miguel-mansilla-cdZh5dQ-muE-unsplash.jpg\" \/>\r\n\r\n\t\t\t\t\t\t\t\r\n\t\t\t\t\t\t\t\t\t\t\t\t\t<\/div>\r\n\t\t\t\t\t\t\t\t\t<\/div>\r\n\t\t\t\r\n\t\t\t<!---- slides div end ---->\r\n\t\t\t\t\t\t<!-- slides thumbnails div start -->\r\n\t\t\t<div class=\"sp-thumbnails\">\r\n\t\t\t\t\t\t\t\t\t\t<img decoding=\"async\" class=\"sp-thumbnail\" loading=\"lazy\" src=\"https:\/\/travento.mx\/wp-content\/plugins\/ultimate-responsive-image-slider\/assets\/img\/loading.gif\" data-src=\"https:\/\/travento.mx\/wp-content\/uploads\/2023\/11\/luuk-wouters-o3L6pCKwgJY-unsplash-300x200.jpg\" alt=\"luuk-wouters-o3L6pCKwgJY-unsplash\"\/>\r\n\t\t\t\t\t\t\t\t\t\t\t<img decoding=\"async\" class=\"sp-thumbnail\" loading=\"lazy\" src=\"https:\/\/travento.mx\/wp-content\/plugins\/ultimate-responsive-image-slider\/assets\/img\/loading.gif\" data-src=\"https:\/\/travento.mx\/wp-content\/uploads\/2023\/11\/luiza-braun-ntXf7pe5utQ-unsplash-300x205.jpg\" alt=\"luiza-braun-ntXf7pe5utQ-unsplash\"\/>\r\n\t\t\t\t\t\t\t\t\t\t\t<img decoding=\"async\" class=\"sp-thumbnail\" loading=\"lazy\" src=\"https:\/\/travento.mx\/wp-content\/plugins\/ultimate-responsive-image-slider\/assets\/img\/loading.gif\" data-src=\"https:\/\/travento.mx\/wp-content\/uploads\/2023\/11\/miguel-mansilla-cdZh5dQ-muE-unsplash-300x200.jpg\" alt=\"miguel-mansilla-cdZh5dQ-muE-unsplash\"\/>\r\n\t\t\t\t\t\t\t\t<\/div>\r\n\t\t\t\t\t\t<!-- slides thumbnails div end -->\r\n\t\t<\/div>\r\n\t\t<style>\r\n\/* Layout 3 *\/\r\n\/* border *\/\r\n#slider-pro-3-2574 .sp-selected-thumbnail {\r\n\tborder: 4px solid #000000;\r\n}\r\n\r\n\/* font + color *\/\r\n.title-in  {\r\n\tfont-family: Arial !important;\r\n\tcolor: #FFFFFF !important;\r\n\tbackground-color: #000000 !important;\r\n\topacity: 0.7 !important;\r\n}\r\n.desc-in  {\r\n\tfont-family: Arial !important;\r\n\tcolor: #FFFFFF !important;\r\n\tbackground-color: #00000 !important;\r\n\topacity: 0.7 !important;\r\n}\r\n\r\n\/* bullets color *\/\r\n.sp-button  {\r\n\tborder: 2px solid #000000 !important;\r\n}\r\n.sp-selected-button  {\r\n\tbackground-color: #000000 !important;\r\n}\r\n\r\n\/* pointer color - bottom *\/\r\n.sp-selected-thumbnail::before {\r\n\tborder-bottom: 5px solid #000000 !important;\r\n}\r\n.sp-selected-thumbnail::after {\r\n\tborder-bottom: 13px solid #000000 !important;\r\n}\r\n\r\n\/* pointer color - top *\/\r\n\r\n\/* full screen icon *\/\r\n.sp-full-screen-button::before {\r\n    color: #FFFFFF !important;\r\n}\r\n\r\n\/* hover navigation icon color *\/\r\n.sp-next-arrow::after, .sp-next-arrow::before {\r\n\tbackground-color: #FFFFFF !important;\r\n}\r\n.sp-previous-arrow::after, .sp-previous-arrow::before {\r\n\tbackground-color: #FFFFFF !important;\r\n}\r\n\r\n#slider-pro-3-2574 .title-in {\r\n\tcolor: #FFFFFF !important;\r\n\tfont-weight: bolder;\r\n\ttext-align: center;\r\n}\r\n\r\n#slider-pro-3-2574 .title-in-bg {\r\n\tbackground: rgba(255, 255, 255, 0.7); !important;\r\n\twhite-space: unset !important;\r\n\ttransform: initial !important;\r\n\t-webkit-transform: initial !important;\r\n\tfont-size: 14px !important;\r\n}\r\n\r\n#slider-pro-3-2574 .desc-in {\r\n\tcolor: #FFFFFF !important;\r\n\ttext-align: center;\r\n}\r\n#slider-pro-3-2574 .desc-in-bg {\r\n\tbackground: rgba(#00000, 0.7) !important;\r\n\twhite-space: unset !important;\r\n\ttransform: initial !important;\r\n\t-webkit-transform: initial !important;\r\n\tfont-size: 13px !important;\r\n}\r\n\r\n@media (max-width: 640px) {\r\n\t#slider-pro-3-2574 .hide-small-screen {\r\n\t\tdisplay: none;\r\n\t}\r\n}\r\n\r\n@media (max-width: 860px) {\r\n\t#slider-pro-3-2574 .sp-layer {\r\n\t\tfont-size: 18px;\r\n\t}\r\n\t\r\n\t#slider-pro-3-2574 .hide-medium-screen {\r\n\t\tdisplay: none;\r\n\t}\r\n}\r\n.slides-not-found {\r\n\tbackground-color: #a92929;\r\n\tborder-radius: 5px;\r\n\tcolor: #fff;\r\n\tfont-family: initial;\r\n\ttext-align: center;\r\n\tpadding:12px;\r\n}\r\n\/* Custom CSS *\/\r\n<\/style>\r\n\n","protected":false},"excerpt":{"rendered":"<p>Visita Calafate con Travento Ponte los grampones y camina hasta el coraz\u00f3n del Perito Moreno. Grietas de cuarenta a cincuenta metros de profundidad, cuevas, precipicios&hellip;<\/p>\n","protected":false},"author":2,"featured_media":0,"parent":874,"menu_order":0,"comment_status":"closed","ping_status":"closed","template":"","meta":{"footnotes":""},"class_list":["post-894","page","type-page","status-publish","hentry"],"_links":{"self":[{"href":"https:\/\/travento.mx\/index.php\/wp-json\/wp\/v2\/pages\/894","targetHints":{"allow":["GET"]}}],"collection":[{"href":"https:\/\/travento.mx\/index.php\/wp-json\/wp\/v2\/pages"}],"about":[{"href":"https:\/\/travento.mx\/index.php\/wp-json\/wp\/v2\/types\/page"}],"author":[{"embeddable":true,"href":"https:\/\/travento.mx\/index.php\/wp-json\/wp\/v2\/users\/2"}],"replies":[{"embeddable":true,"href":"https:\/\/travento.mx\/index.php\/wp-json\/wp\/v2\/comments?post=894"}],"version-history":[{"count":4,"href":"https:\/\/travento.mx\/index.php\/wp-json\/wp\/v2\/pages\/894\/revisions"}],"predecessor-version":[{"id":2578,"href":"https:\/\/travento.mx\/index.php\/wp-json\/wp\/v2\/pages\/894\/revisions\/2578"}],"up":[{"embeddable":true,"href":"https:\/\/travento.mx\/index.php\/wp-json\/wp\/v2\/pages\/874"}],"wp:attachment":[{"href":"https:\/\/travento.mx\/index.php\/wp-json\/wp\/v2\/media?parent=894"}],"curies":[{"name":"wp","href":"https:\/\/api.w.org\/{rel}","templated":true}]}}